{"id":65,"date":"2019-01-13T18:25:06","date_gmt":"2019-01-13T17:25:06","guid":{"rendered":"https:\/\/www.heimatverein-sachsenhagen.de\/wordpress\/?page_id=65"},"modified":"2020-05-15T16:34:11","modified_gmt":"2020-05-15T14:34:11","slug":"kaufladen","status":"publish","type":"page","link":"https:\/\/www.heimatverein-sachsenhagen.de\/wordpress\/index.php\/kaufladen\/","title":{"rendered":"Kaufladen"},"content":{"rendered":"<p>Die kleinen Geschichten aus dem Erz\u00e4hlcaf\u00e9. Spannend und heute noch aktuell.&nbsp; Heft 1 und 2<\/p>\n<p>Selbskostenpreis: je 3 Euro<\/p>\n<p><img fetchpriority=\"high\" decoding=\"async\" src=\"https:\/\/www.heimatverein-sachsenhagen.de\/wordpress\/wp-content\/uploads\/2020\/04\/Heft1Deckb-725x1024.jpg\" alt=\"\" srcset=\"https:\/\/i0.wp.com\/www.heimatverein-sachsenhagen.de\/wordpress\/wp-content\/uploads\/2020\/04\/Heft1Deckb.jpg?resize=725%2C1024&amp;ssl=1 725w, https:\/\/i0.wp.com\/www.heimatverein-sachsenhagen.de\/wordpress\/wp-content\/uploads\/2020\/04\/Heft1Deckb.jpg?resize=212%2C300&amp;ssl=1 212w, https:\/\/i0.wp.com\/www.heimatverein-sachsenhagen.de\/wordpress\/wp-content\/uploads\/2020\/04\/Heft1Deckb.jpg?resize=768%2C1085&amp;ssl=1 768w, https:\/\/i0.wp.com\/www.heimatverein-sachsenhagen.de\/wordpress\/wp-content\/uploads\/2020\/04\/Heft1Deckb.jpg?resize=1087%2C1536&amp;ssl=1 1087w, https:\/\/i0.wp.com\/www.heimatverein-sachsenhagen.de\/wordpress\/wp-content\/uploads\/2020\/04\/Heft1Deckb.jpg?w=1287&amp;ssl=1 1287w\" sizes=\"(max-width: 725px) 100vw, 725px\" width=\"725\" height=\"1024\"><br \/>\n<img decoding=\"async\" src=\"https:\/\/www.heimatverein-sachsenhagen.de\/wordpress\/wp-content\/uploads\/2020\/04\/Heft2Deckb-697x1024.jpg\" alt=\"\" srcset=\"https:\/\/i0.wp.com\/www.heimatverein-sachsenhagen.de\/wordpress\/wp-content\/uploads\/2020\/04\/Heft2Deckb.jpg?resize=697%2C1024&amp;ssl=1 697w, https:\/\/i0.wp.com\/www.heimatverein-sachsenhagen.de\/wordpress\/wp-content\/uploads\/2020\/04\/Heft2Deckb.jpg?resize=204%2C300&amp;ssl=1 204w, https:\/\/i0.wp.com\/www.heimatverein-sachsenhagen.de\/wordpress\/wp-content\/uploads\/2020\/04\/Heft2Deckb.jpg?resize=768%2C1128&amp;ssl=1 768w, https:\/\/i0.wp.com\/www.heimatverein-sachsenhagen.de\/wordpress\/wp-content\/uploads\/2020\/04\/Heft2Deckb.jpg?resize=1046%2C1536&amp;ssl=1 1046w, https:\/\/i0.wp.com\/www.heimatverein-sachsenhagen.de\/wordpress\/wp-content\/uploads\/2020\/04\/Heft2Deckb.jpg?w=1157&amp;ssl=1 1157w\" sizes=\"(max-width: 697px) 100vw, 697px\" width=\"697\" height=\"1024\"><\/p>\n<p>Poster, historischer Ortsspaziergang, A2, interessante Gegen\u00fcberstellung der Abbildungen &#8211; alt gegen neu.<\/p>\n<p>Zugeh\u00f6rige Beschreibung mit Kurzchronik, 3 Seiten unten zum Herunterladen<\/p>\n<p>Selbstkostenpreis: 5 \u20ac<\/p>\n<p><img decoding=\"async\" src=\"https:\/\/www.heimatverein-sachsenhagen.de\/wordpress\/wp-content\/uploads\/2020\/04\/Sachsenh-Plakat-Orig-1-1024x723.jpg\" alt=\"\" srcset=\"https:\/\/i0.wp.com\/www.heimatverein-sachsenhagen.de\/wordpress\/wp-content\/uploads\/2020\/04\/Sachsenh-Plakat-Orig-1.jpg?resize=1024%2C723&amp;ssl=1 1024w, https:\/\/i0.wp.com\/www.heimatverein-sachsenhagen.de\/wordpress\/wp-content\/uploads\/2020\/04\/Sachsenh-Plakat-Orig-1.jpg?resize=300%2C212&amp;ssl=1 300w, https:\/\/i0.wp.com\/www.heimatverein-sachsenhagen.de\/wordpress\/wp-content\/uploads\/2020\/04\/Sachsenh-Plakat-Orig-1.jpg?resize=768%2C543&amp;ssl=1 768w, https:\/\/i0.wp.com\/www.heimatverein-sachsenhagen.de\/wordpress\/wp-content\/uploads\/2020\/04\/Sachsenh-Plakat-Orig-1.jpg?resize=1536%2C1085&amp;ssl=1 1536w, https:\/\/i0.wp.com\/www.heimatverein-sachsenhagen.de\/wordpress\/wp-content\/uploads\/2020\/04\/Sachsenh-Plakat-Orig-1.jpg?resize=2048%2C1447&amp;ssl=1 2048w\" sizes=\"(max-width: 1024px) 100vw, 1024px\" width=\"1024\" height=\"723\"><br \/>\n<a href=\"https:\/\/www.heimatverein-sachsenhagen.de\/wordpress\/wp-content\/uploads\/2020\/04\/Ortsspaziergang050514.pdf\" role=\"button\"><br \/>\nHier klicken um die Beschreibung des Posters als .pdf Datei herunterzuladen (3 Seiten)<br \/>\n<\/a><\/p>\n","protected":false},"excerpt":{"rendered":"<p>Die kleinen Geschichten aus dem Erz\u00e4hlcaf\u00e9. Spannend und heute noch aktuell.&nbsp; Heft 1 und 2 Selbskostenpreis: je 3 Euro Poster, historischer Ortsspaziergang, A2, interessante Gegen\u00fcberstellung der Abbildungen &#8211; alt gegen neu. Zugeh\u00f6rige Beschreibung mit Kurzchronik, 3 Seiten unten zum Herunterladen Selbstkostenpreis: 5 \u20ac Hier klicken um die Beschreibung des Posters als .pdf Datei herunterzuladen (3 [&hellip;]<\/p>\n","protected":false},"author":1,"featured_media":0,"parent":0,"menu_order":0,"comment_status":"closed","ping_status":"closed","template":"","meta":{"ocean_post_layout":"full-screen","ocean_both_sidebars_style":"","ocean_both_sidebars_content_width":0,"ocean_both_sidebars_sidebars_width":0,"ocean_sidebar":"0","ocean_second_sidebar":"0","ocean_disable_margins":"enable","ocean_add_body_class":"","ocean_shortcode_before_top_bar":"","ocean_shortcode_after_top_bar":"","ocean_shortcode_before_header":"","ocean_shortcode_after_header":"","ocean_has_shortcode":"","ocean_shortcode_after_title":"","ocean_shortcode_before_footer_widgets":"","ocean_shortcode_after_footer_widgets":"","ocean_shortcode_before_footer_bottom":"","ocean_shortcode_after_footer_bottom":"","ocean_display_top_bar":"default","ocean_display_header":"default","ocean_header_style":"","ocean_center_header_left_menu":"0","ocean_custom_header_template":"0","ocean_custom_logo":0,"ocean_custom_retina_logo":0,"ocean_custom_logo_max_width":0,"ocean_custom_logo_tablet_max_width":0,"ocean_custom_logo_mobile_max_width":0,"ocean_custom_logo_max_height":0,"ocean_custom_logo_tablet_max_height":0,"ocean_custom_logo_mobile_max_height":0,"ocean_header_custom_menu":"0","ocean_menu_typo_font_family":"0","ocean_menu_typo_font_subset":"","ocean_menu_typo_font_size":0,"ocean_menu_typo_font_size_tablet":0,"ocean_menu_typo_font_size_mobile":0,"ocean_menu_typo_font_size_unit":"px","ocean_menu_typo_font_weight":"","ocean_menu_typo_font_weight_tablet":"","ocean_menu_typo_font_weight_mobile":"","ocean_menu_typo_transform":"","ocean_menu_typo_transform_tablet":"","ocean_menu_typo_transform_mobile":"","ocean_menu_typo_line_height":0,"ocean_menu_typo_line_height_tablet":0,"ocean_menu_typo_line_height_mobile":0,"ocean_menu_typo_line_height_unit":"","ocean_menu_typo_spacing":0,"ocean_menu_typo_spacing_tablet":0,"ocean_menu_typo_spacing_mobile":0,"ocean_menu_typo_spacing_unit":"","ocean_menu_link_color":"","ocean_menu_link_color_hover":"","ocean_menu_link_color_active":"","ocean_menu_link_background":"","ocean_menu_link_hover_background":"","ocean_menu_link_active_background":"","ocean_menu_social_links_bg":"","ocean_menu_social_hover_links_bg":"","ocean_menu_social_links_color":"","ocean_menu_social_hover_links_color":"","ocean_disable_title":"default","ocean_disable_heading":"default","ocean_post_title":"","ocean_post_subheading":"","ocean_post_title_style":"","ocean_post_title_background_color":"","ocean_post_title_background":0,"ocean_post_title_bg_image_position":"","ocean_post_title_bg_image_attachment":"","ocean_post_title_bg_image_repeat":"","ocean_post_title_bg_image_size":"","ocean_post_title_height":0,"ocean_post_title_bg_overlay":0.5,"ocean_post_title_bg_overlay_color":"","ocean_disable_breadcrumbs":"default","ocean_breadcrumbs_color":"","ocean_breadcrumbs_separator_color":"","ocean_breadcrumbs_links_color":"","ocean_breadcrumbs_links_hover_color":"","ocean_display_footer_widgets":"default","ocean_display_footer_bottom":"default","ocean_custom_footer_template":"0","jetpack_post_was_ever_published":false,"footnotes":""},"class_list":["post-65","page","type-page","status-publish","hentry","entry"],"yoast_head":"<!-- This site is optimized with the Yoast SEO plugin v27.4 - https:\/\/yoast.com\/product\/yoast-seo-wordpress\/ -->\n<title>Kaufladen - Heimatverein Sachsenhagen Auhagen<\/title>\n<meta name=\"robots\" content=\"index, follow, max-snippet:-1, max-image-preview:large, max-video-preview:-1\" \/>\n<link rel=\"canonical\" href=\"https:\/\/www.heimatverein-sachsenhagen.de\/wordpress\/index.php\/kaufladen\/\" \/>\n<meta property=\"og:locale\" content=\"de_DE\" \/>\n<meta property=\"og:type\" content=\"article\" \/>\n<meta property=\"og:title\" content=\"Kaufladen - Heimatverein Sachsenhagen Auhagen\" \/>\n<meta property=\"og:description\" content=\"Die kleinen Geschichten aus dem Erz\u00e4hlcaf\u00e9. Spannend und heute noch aktuell.&nbsp; Heft 1 und 2 Selbskostenpreis: je 3 Euro Poster, historischer Ortsspaziergang, A2, interessante Gegen\u00fcberstellung der Abbildungen &#8211; alt gegen neu. Zugeh\u00f6rige Beschreibung mit Kurzchronik, 3 Seiten unten zum Herunterladen Selbstkostenpreis: 5 \u20ac Hier klicken um die Beschreibung des Posters als .pdf Datei herunterzuladen (3 [&hellip;]\" \/>\n<meta property=\"og:url\" content=\"https:\/\/www.heimatverein-sachsenhagen.de\/wordpress\/index.php\/kaufladen\/\" \/>\n<meta property=\"og:site_name\" content=\"Heimatverein Sachsenhagen Auhagen\" \/>\n<meta property=\"article:modified_time\" content=\"2020-05-15T14:34:11+00:00\" \/>\n<meta property=\"og:image\" content=\"https:\/\/www.heimatverein-sachsenhagen.de\/wordpress\/wp-content\/uploads\/2020\/04\/Heft1Deckb-725x1024.jpg\" \/>\n<meta name=\"twitter:card\" content=\"summary_large_image\" \/>\n<script type=\"application\/ld+json\" class=\"yoast-schema-graph\">{\"@context\":\"https:\\\/\\\/schema.org\",\"@graph\":[{\"@type\":\"WebPage\",\"@id\":\"https:\\\/\\\/www.heimatverein-sachsenhagen.de\\\/wordpress\\\/index.php\\\/kaufladen\\\/\",\"url\":\"https:\\\/\\\/www.heimatverein-sachsenhagen.de\\\/wordpress\\\/index.php\\\/kaufladen\\\/\",\"name\":\"Kaufladen - Heimatverein Sachsenhagen Auhagen\",\"isPartOf\":{\"@id\":\"https:\\\/\\\/www.heimatverein-sachsenhagen.de\\\/wordpress\\\/#website\"},\"primaryImageOfPage\":{\"@id\":\"https:\\\/\\\/www.heimatverein-sachsenhagen.de\\\/wordpress\\\/index.php\\\/kaufladen\\\/#primaryimage\"},\"image\":{\"@id\":\"https:\\\/\\\/www.heimatverein-sachsenhagen.de\\\/wordpress\\\/index.php\\\/kaufladen\\\/#primaryimage\"},\"thumbnailUrl\":\"https:\\\/\\\/www.heimatverein-sachsenhagen.de\\\/wordpress\\\/wp-content\\\/uploads\\\/2020\\\/04\\\/Heft1Deckb-725x1024.jpg\",\"datePublished\":\"2019-01-13T17:25:06+00:00\",\"dateModified\":\"2020-05-15T14:34:11+00:00\",\"breadcrumb\":{\"@id\":\"https:\\\/\\\/www.heimatverein-sachsenhagen.de\\\/wordpress\\\/index.php\\\/kaufladen\\\/#breadcrumb\"},\"inLanguage\":\"de\",\"potentialAction\":[{\"@type\":\"ReadAction\",\"target\":[\"https:\\\/\\\/www.heimatverein-sachsenhagen.de\\\/wordpress\\\/index.php\\\/kaufladen\\\/\"]}]},{\"@type\":\"ImageObject\",\"inLanguage\":\"de\",\"@id\":\"https:\\\/\\\/www.heimatverein-sachsenhagen.de\\\/wordpress\\\/index.php\\\/kaufladen\\\/#primaryimage\",\"url\":\"https:\\\/\\\/www.heimatverein-sachsenhagen.de\\\/wordpress\\\/wp-content\\\/uploads\\\/2020\\\/04\\\/Heft1Deckb.jpg\",\"contentUrl\":\"https:\\\/\\\/www.heimatverein-sachsenhagen.de\\\/wordpress\\\/wp-content\\\/uploads\\\/2020\\\/04\\\/Heft1Deckb.jpg\",\"width\":1287,\"height\":1819},{\"@type\":\"BreadcrumbList\",\"@id\":\"https:\\\/\\\/www.heimatverein-sachsenhagen.de\\\/wordpress\\\/index.php\\\/kaufladen\\\/#breadcrumb\",\"itemListElement\":[{\"@type\":\"ListItem\",\"position\":1,\"name\":\"Home\",\"item\":\"https:\\\/\\\/www.heimatverein-sachsenhagen.de\\\/wordpress\\\/\"},{\"@type\":\"ListItem\",\"position\":2,\"name\":\"Kaufladen\"}]},{\"@type\":\"WebSite\",\"@id\":\"https:\\\/\\\/www.heimatverein-sachsenhagen.de\\\/wordpress\\\/#website\",\"url\":\"https:\\\/\\\/www.heimatverein-sachsenhagen.de\\\/wordpress\\\/\",\"name\":\"Heimatverein Sachsenhagen Auhagen\",\"description\":\"Heimat ist Leben\",\"publisher\":{\"@id\":\"https:\\\/\\\/www.heimatverein-sachsenhagen.de\\\/wordpress\\\/#organization\"},\"potentialAction\":[{\"@type\":\"SearchAction\",\"target\":{\"@type\":\"EntryPoint\",\"urlTemplate\":\"https:\\\/\\\/www.heimatverein-sachsenhagen.de\\\/wordpress\\\/?s={search_term_string}\"},\"query-input\":{\"@type\":\"PropertyValueSpecification\",\"valueRequired\":true,\"valueName\":\"search_term_string\"}}],\"inLanguage\":\"de\"},{\"@type\":\"Organization\",\"@id\":\"https:\\\/\\\/www.heimatverein-sachsenhagen.de\\\/wordpress\\\/#organization\",\"name\":\"Heimatverein Sachsenhagen Auhagen\",\"url\":\"https:\\\/\\\/www.heimatverein-sachsenhagen.de\\\/wordpress\\\/\",\"logo\":{\"@type\":\"ImageObject\",\"inLanguage\":\"de\",\"@id\":\"https:\\\/\\\/www.heimatverein-sachsenhagen.de\\\/wordpress\\\/#\\\/schema\\\/logo\\\/image\\\/\",\"url\":\"https:\\\/\\\/www.heimatverein-sachsenhagen.de\\\/wordpress\\\/wp-content\\\/uploads\\\/2020\\\/05\\\/cropped-Logo-neu-Mai-2020.jpg\",\"contentUrl\":\"https:\\\/\\\/www.heimatverein-sachsenhagen.de\\\/wordpress\\\/wp-content\\\/uploads\\\/2020\\\/05\\\/cropped-Logo-neu-Mai-2020.jpg\",\"width\":1280,\"height\":363,\"caption\":\"Heimatverein Sachsenhagen Auhagen\"},\"image\":{\"@id\":\"https:\\\/\\\/www.heimatverein-sachsenhagen.de\\\/wordpress\\\/#\\\/schema\\\/logo\\\/image\\\/\"}}]}<\/script>\n<!-- \/ Yoast SEO plugin. -->","yoast_head_json":{"title":"Kaufladen - Heimatverein Sachsenhagen Auhagen","robots":{"index":"index","follow":"follow","max-snippet":"max-snippet:-1","max-image-preview":"max-image-preview:large","max-video-preview":"max-video-preview:-1"},"canonical":"https:\/\/www.heimatverein-sachsenhagen.de\/wordpress\/index.php\/kaufladen\/","og_locale":"de_DE","og_type":"article","og_title":"Kaufladen - Heimatverein Sachsenhagen Auhagen","og_description":"Die kleinen Geschichten aus dem Erz\u00e4hlcaf\u00e9. Spannend und heute noch aktuell.&nbsp; Heft 1 und 2 Selbskostenpreis: je 3 Euro Poster, historischer Ortsspaziergang, A2, interessante Gegen\u00fcberstellung der Abbildungen &#8211; alt gegen neu. Zugeh\u00f6rige Beschreibung mit Kurzchronik, 3 Seiten unten zum Herunterladen Selbstkostenpreis: 5 \u20ac Hier klicken um die Beschreibung des Posters als .pdf Datei herunterzuladen (3 [&hellip;]","og_url":"https:\/\/www.heimatverein-sachsenhagen.de\/wordpress\/index.php\/kaufladen\/","og_site_name":"Heimatverein Sachsenhagen Auhagen","article_modified_time":"2020-05-15T14:34:11+00:00","og_image":[{"url":"https:\/\/www.heimatverein-sachsenhagen.de\/wordpress\/wp-content\/uploads\/2020\/04\/Heft1Deckb-725x1024.jpg","type":"","width":"","height":""}],"twitter_card":"summary_large_image","schema":{"@context":"https:\/\/schema.org","@graph":[{"@type":"WebPage","@id":"https:\/\/www.heimatverein-sachsenhagen.de\/wordpress\/index.php\/kaufladen\/","url":"https:\/\/www.heimatverein-sachsenhagen.de\/wordpress\/index.php\/kaufladen\/","name":"Kaufladen - Heimatverein Sachsenhagen Auhagen","isPartOf":{"@id":"https:\/\/www.heimatverein-sachsenhagen.de\/wordpress\/#website"},"primaryImageOfPage":{"@id":"https:\/\/www.heimatverein-sachsenhagen.de\/wordpress\/index.php\/kaufladen\/#primaryimage"},"image":{"@id":"https:\/\/www.heimatverein-sachsenhagen.de\/wordpress\/index.php\/kaufladen\/#primaryimage"},"thumbnailUrl":"https:\/\/www.heimatverein-sachsenhagen.de\/wordpress\/wp-content\/uploads\/2020\/04\/Heft1Deckb-725x1024.jpg","datePublished":"2019-01-13T17:25:06+00:00","dateModified":"2020-05-15T14:34:11+00:00","breadcrumb":{"@id":"https:\/\/www.heimatverein-sachsenhagen.de\/wordpress\/index.php\/kaufladen\/#breadcrumb"},"inLanguage":"de","potentialAction":[{"@type":"ReadAction","target":["https:\/\/www.heimatverein-sachsenhagen.de\/wordpress\/index.php\/kaufladen\/"]}]},{"@type":"ImageObject","inLanguage":"de","@id":"https:\/\/www.heimatverein-sachsenhagen.de\/wordpress\/index.php\/kaufladen\/#primaryimage","url":"https:\/\/www.heimatverein-sachsenhagen.de\/wordpress\/wp-content\/uploads\/2020\/04\/Heft1Deckb.jpg","contentUrl":"https:\/\/www.heimatverein-sachsenhagen.de\/wordpress\/wp-content\/uploads\/2020\/04\/Heft1Deckb.jpg","width":1287,"height":1819},{"@type":"BreadcrumbList","@id":"https:\/\/www.heimatverein-sachsenhagen.de\/wordpress\/index.php\/kaufladen\/#breadcrumb","itemListElement":[{"@type":"ListItem","position":1,"name":"Home","item":"https:\/\/www.heimatverein-sachsenhagen.de\/wordpress\/"},{"@type":"ListItem","position":2,"name":"Kaufladen"}]},{"@type":"WebSite","@id":"https:\/\/www.heimatverein-sachsenhagen.de\/wordpress\/#website","url":"https:\/\/www.heimatverein-sachsenhagen.de\/wordpress\/","name":"Heimatverein Sachsenhagen Auhagen","description":"Heimat ist Leben","publisher":{"@id":"https:\/\/www.heimatverein-sachsenhagen.de\/wordpress\/#organization"},"potentialAction":[{"@type":"SearchAction","target":{"@type":"EntryPoint","urlTemplate":"https:\/\/www.heimatverein-sachsenhagen.de\/wordpress\/?s={search_term_string}"},"query-input":{"@type":"PropertyValueSpecification","valueRequired":true,"valueName":"search_term_string"}}],"inLanguage":"de"},{"@type":"Organization","@id":"https:\/\/www.heimatverein-sachsenhagen.de\/wordpress\/#organization","name":"Heimatverein Sachsenhagen Auhagen","url":"https:\/\/www.heimatverein-sachsenhagen.de\/wordpress\/","logo":{"@type":"ImageObject","inLanguage":"de","@id":"https:\/\/www.heimatverein-sachsenhagen.de\/wordpress\/#\/schema\/logo\/image\/","url":"https:\/\/www.heimatverein-sachsenhagen.de\/wordpress\/wp-content\/uploads\/2020\/05\/cropped-Logo-neu-Mai-2020.jpg","contentUrl":"https:\/\/www.heimatverein-sachsenhagen.de\/wordpress\/wp-content\/uploads\/2020\/05\/cropped-Logo-neu-Mai-2020.jpg","width":1280,"height":363,"caption":"Heimatverein Sachsenhagen Auhagen"},"image":{"@id":"https:\/\/www.heimatverein-sachsenhagen.de\/wordpress\/#\/schema\/logo\/image\/"}}]}},"jetpack_sharing_enabled":true,"jetpack-related-posts":[{"id":16,"url":"https:\/\/www.heimatverein-sachsenhagen.de\/wordpress\/","url_meta":{"origin":65,"position":0},"title":"Start","author":"theo","date":"2019-01-13","format":false,"excerpt":"Markt Sachsenhagen Schlo\u00dfwiese, links Zeughaus, mitte Schlossturm, rechts Amthaus Der Heimatverein Sachsenhagen-Auhagen Seit 1982 besteht der\u00a0 Heimatverein Sachsenhagen-Auhagen. Die Zielsetzungen des Vereines sind Kultur- und Denkmalpflege, Interesse wecken f\u00fcr die Heimat- und Altertumskunde, Pflege des heimatlichen Brauchtums, Aufarbeitung der Ortsgeschichte, Umwelt-, Landschafts- und Denkmalschutz und die Mitwirkung an der Stadtentwicklung.\u2026","rel":"","context":"\u00c4hnlicher Beitrag","block_context":{"text":"\u00c4hnlicher Beitrag","link":""},"img":{"alt_text":"","src":"https:\/\/i0.wp.com\/www.heimatverein-sachsenhagen.de\/wordpress\/wp-content\/uploads\/2019\/01\/Ortsblick_auf_den_Marktplatz_in_Sachsenhagen_IMG_5353WIKI-1024x682.jpg?resize=350%2C200&ssl=1","width":350,"height":200,"srcset":"https:\/\/i0.wp.com\/www.heimatverein-sachsenhagen.de\/wordpress\/wp-content\/uploads\/2019\/01\/Ortsblick_auf_den_Marktplatz_in_Sachsenhagen_IMG_5353WIKI-1024x682.jpg?resize=350%2C200&ssl=1 1x, https:\/\/i0.wp.com\/www.heimatverein-sachsenhagen.de\/wordpress\/wp-content\/uploads\/2019\/01\/Ortsblick_auf_den_Marktplatz_in_Sachsenhagen_IMG_5353WIKI-1024x682.jpg?resize=525%2C300&ssl=1 1.5x, https:\/\/i0.wp.com\/www.heimatverein-sachsenhagen.de\/wordpress\/wp-content\/uploads\/2019\/01\/Ortsblick_auf_den_Marktplatz_in_Sachsenhagen_IMG_5353WIKI-1024x682.jpg?resize=700%2C400&ssl=1 2x"},"classes":[]},{"id":52,"url":"https:\/\/www.heimatverein-sachsenhagen.de\/wordpress\/index.php\/geschichte\/","url_meta":{"origin":65,"position":1},"title":"Geschichte","author":"theo","date":"2019-01-13","format":false,"excerpt":"Einf\u00fchrung zur Siedlungsgeschichte und Landschaft Sachsenhagens Im Anfang war der Wald. Er bestimmte den Verlauf der gesamten \u00e4lteren Siedlungsgeschichte. Inselhaft klein sind zun\u00e4chst die Felder und Hofstellen. Erst die Zeit der gro\u00dfen Rodungen im 13. Jahrhundert bringt die Ausweitung der Ackerfl\u00e4chen, aber noch lange beherrscht der Wald das Landschaftsbild. Die\u2026","rel":"","context":"\u00c4hnlicher Beitrag","block_context":{"text":"\u00c4hnlicher Beitrag","link":""},"img":{"alt_text":"","src":"https:\/\/i0.wp.com\/www.heimatverein-sachsenhagen.de\/wordpress\/wp-content\/uploads\/2020\/05\/D%C3%BClwald2-768x827.jpg?resize=350%2C200&ssl=1","width":350,"height":200,"srcset":"https:\/\/i0.wp.com\/www.heimatverein-sachsenhagen.de\/wordpress\/wp-content\/uploads\/2020\/05\/D%C3%BClwald2-768x827.jpg?resize=350%2C200&ssl=1 1x, https:\/\/i0.wp.com\/www.heimatverein-sachsenhagen.de\/wordpress\/wp-content\/uploads\/2020\/05\/D%C3%BClwald2-768x827.jpg?resize=525%2C300&ssl=1 1.5x, https:\/\/i0.wp.com\/www.heimatverein-sachsenhagen.de\/wordpress\/wp-content\/uploads\/2020\/05\/D%C3%BClwald2-768x827.jpg?resize=700%2C400&ssl=1 2x"},"classes":[]},{"id":1466,"url":"https:\/\/www.heimatverein-sachsenhagen.de\/wordpress\/index.php\/amthaus-sachsenhagen\/","url_meta":{"origin":65,"position":2},"title":"Amthaus Sachsenhagen","author":"theo","date":"2020-05-12","format":false,"excerpt":"Das Amthaus zu Sachsenhagen Entstehungsgeschichte und geographische Lage Etwa um das Jahr 1253 baut Herzog Albrecht I. von Sachsen eine Wasserburg im Dreieck der Einm\u00fcndung der Faulen Riehe in die Sachsenh\u00e4ger Aue, um seine Herrschaftsanspr\u00fcche zu festigen. Der \u00dcbergang auf dem Weg von Hameln nach Nienburg und Verden \u00fcber das\u2026","rel":"","context":"\u00c4hnlicher Beitrag","block_context":{"text":"\u00c4hnlicher Beitrag","link":""},"img":{"alt_text":"","src":"https:\/\/i0.wp.com\/www.heimatverein-sachsenhagen.de\/wordpress\/wp-content\/uploads\/2020\/05\/Amthaus-mit-Turm-k-1024x568.jpg?resize=350%2C200&ssl=1","width":350,"height":200,"srcset":"https:\/\/i0.wp.com\/www.heimatverein-sachsenhagen.de\/wordpress\/wp-content\/uploads\/2020\/05\/Amthaus-mit-Turm-k-1024x568.jpg?resize=350%2C200&ssl=1 1x, https:\/\/i0.wp.com\/www.heimatverein-sachsenhagen.de\/wordpress\/wp-content\/uploads\/2020\/05\/Amthaus-mit-Turm-k-1024x568.jpg?resize=525%2C300&ssl=1 1.5x, https:\/\/i0.wp.com\/www.heimatverein-sachsenhagen.de\/wordpress\/wp-content\/uploads\/2020\/05\/Amthaus-mit-Turm-k-1024x568.jpg?resize=700%2C400&ssl=1 2x"},"classes":[]},{"id":1560,"url":"https:\/\/www.heimatverein-sachsenhagen.de\/wordpress\/index.php\/schlossturm\/","url_meta":{"origin":65,"position":3},"title":"Schlo\u00dfturm","author":"theo","date":"2020-05-16","format":false,"excerpt":"Der Schlo\u00dfturm zu Sachsenhagen Abb.: v.l.n.r. Zeughaus - Schlossturm \u2013 Amthaus im Jahr 2013, Sicht von S\u00fcdost Abb.: Amtshaus und Schlossturm in 1905, Im Vordergrund rechts der Sandsteinbrunnen am urspr\u00fcnglichen Standort s\u00fcdlich des Turmes (jetzt auf der Schlosswiese auf der Nordseite aufgestellt), Sicht von West Der Schlo\u00dfturm Sachsenhagen ist ein\u2026","rel":"","context":"\u00c4hnlicher Beitrag","block_context":{"text":"\u00c4hnlicher Beitrag","link":""},"img":{"alt_text":"","src":"https:\/\/i0.wp.com\/www.heimatverein-sachsenhagen.de\/wordpress\/wp-content\/uploads\/2020\/05\/Schlossturm-Vorplatz-1024x545.jpg?resize=350%2C200&ssl=1","width":350,"height":200,"srcset":"https:\/\/i0.wp.com\/www.heimatverein-sachsenhagen.de\/wordpress\/wp-content\/uploads\/2020\/05\/Schlossturm-Vorplatz-1024x545.jpg?resize=350%2C200&ssl=1 1x, https:\/\/i0.wp.com\/www.heimatverein-sachsenhagen.de\/wordpress\/wp-content\/uploads\/2020\/05\/Schlossturm-Vorplatz-1024x545.jpg?resize=525%2C300&ssl=1 1.5x, https:\/\/i0.wp.com\/www.heimatverein-sachsenhagen.de\/wordpress\/wp-content\/uploads\/2020\/05\/Schlossturm-Vorplatz-1024x545.jpg?resize=700%2C400&ssl=1 2x"},"classes":[]},{"id":54,"url":"https:\/\/www.heimatverein-sachsenhagen.de\/wordpress\/index.php\/sachsenhagen\/","url_meta":{"origin":65,"position":4},"title":"Sachsenhagen","author":"theo","date":"2019-01-13","format":false,"excerpt":"KurzportraitStadt Sachsenhagen, ca 2.000 Einwohner (Zweitkleinste Stadt Niedersachsens nach Einwohnern, (www.citypopulation.de\/php\/germany-niedersachsen_d.php), 15,5 qkm, zugeh\u00f6rig zur Samtgemeinde Sachsenhagen, nord\u00f6stlicher Teil des Landkreises Schaumburg in Niedersachsen. Stadtteil ist Nienbr\u00fcgge.Geografie: 40 km westlich Hannover, 4 km s\u00fcdlich des Steinhuder Meeres. 1 km n\u00f6rdlich des Mittellandkanals, Zusammenfluss von (Reeke, Holpe, H\u00fclse)\/Sachsenh\u00e4ger Aue, Faule Riehe\u2026","rel":"","context":"\u00c4hnlicher Beitrag","block_context":{"text":"\u00c4hnlicher Beitrag","link":""},"img":{"alt_text":"","src":"https:\/\/i0.wp.com\/www.heimatverein-sachsenhagen.de\/wordpress\/wp-content\/uploads\/2020\/05\/Sachsenh-Entwickl-Portr-1024x576.jpg?resize=350%2C200&ssl=1","width":350,"height":200,"srcset":"https:\/\/i0.wp.com\/www.heimatverein-sachsenhagen.de\/wordpress\/wp-content\/uploads\/2020\/05\/Sachsenh-Entwickl-Portr-1024x576.jpg?resize=350%2C200&ssl=1 1x, https:\/\/i0.wp.com\/www.heimatverein-sachsenhagen.de\/wordpress\/wp-content\/uploads\/2020\/05\/Sachsenh-Entwickl-Portr-1024x576.jpg?resize=525%2C300&ssl=1 1.5x, https:\/\/i0.wp.com\/www.heimatverein-sachsenhagen.de\/wordpress\/wp-content\/uploads\/2020\/05\/Sachsenh-Entwickl-Portr-1024x576.jpg?resize=700%2C400&ssl=1 2x"},"classes":[]},{"id":34,"url":"https:\/\/www.heimatverein-sachsenhagen.de\/wordpress\/index.php\/kanalbau\/","url_meta":{"origin":65,"position":5},"title":"Kanalbau","author":"theo","date":"2019-01-13","format":false,"excerpt":"Sachsenhagen am Mittellandkanal 1916 erreichen die ersten Schiffe Sachsenhagen Das Motorg\u00fcterschiff \u201eSachsenhagen\u201c Der Hafen Sachsenhagen Einf\u00fchrung Der Mittellandkanal (MLK) zweigt bei Bergesh\u00f6vede, 13 km \u00f6stlich von Rheine, aus dem Dortmund-Ems-Kanal ab und endet nach rd. 320 km L\u00e4nge bei Magdeburg an der Elbe. Er verbindet als zentraler Teil der einzigen\u2026","rel":"","context":"\u00c4hnlicher Beitrag","block_context":{"text":"\u00c4hnlicher Beitrag","link":""},"img":{"alt_text":"","src":"https:\/\/i0.wp.com\/www.heimatverein-sachsenhagen.de\/wordpress\/wp-content\/uploads\/2020\/04\/Das-Motorg%C3%BCterschiff-Sachsenhagen.jpg?resize=350%2C200&ssl=1","width":350,"height":200,"srcset":"https:\/\/i0.wp.com\/www.heimatverein-sachsenhagen.de\/wordpress\/wp-content\/uploads\/2020\/04\/Das-Motorg%C3%BCterschiff-Sachsenhagen.jpg?resize=350%2C200&ssl=1 1x, https:\/\/i0.wp.com\/www.heimatverein-sachsenhagen.de\/wordpress\/wp-content\/uploads\/2020\/04\/Das-Motorg%C3%BCterschiff-Sachsenhagen.jpg?resize=525%2C300&ssl=1 1.5x, https:\/\/i0.wp.com\/www.heimatverein-sachsenhagen.de\/wordpress\/wp-content\/uploads\/2020\/04\/Das-Motorg%C3%BCterschiff-Sachsenhagen.jpg?resize=700%2C400&ssl=1 2x"},"classes":[]}],"_links":{"self":[{"href":"https:\/\/www.heimatverein-sachsenhagen.de\/wordpress\/index.php\/wp-json\/wp\/v2\/pages\/65","targetHints":{"allow":["GET"]}}],"collection":[{"href":"https:\/\/www.heimatverein-sachsenhagen.de\/wordpress\/index.php\/wp-json\/wp\/v2\/pages"}],"about":[{"href":"https:\/\/www.heimatverein-sachsenhagen.de\/wordpress\/index.php\/wp-json\/wp\/v2\/types\/page"}],"author":[{"embeddable":true,"href":"https:\/\/www.heimatverein-sachsenhagen.de\/wordpress\/index.php\/wp-json\/wp\/v2\/users\/1"}],"replies":[{"embeddable":true,"href":"https:\/\/www.heimatverein-sachsenhagen.de\/wordpress\/index.php\/wp-json\/wp\/v2\/comments?post=65"}],"version-history":[{"count":6,"href":"https:\/\/www.heimatverein-sachsenhagen.de\/wordpress\/index.php\/wp-json\/wp\/v2\/pages\/65\/revisions"}],"predecessor-version":[{"id":1120,"href":"https:\/\/www.heimatverein-sachsenhagen.de\/wordpress\/index.php\/wp-json\/wp\/v2\/pages\/65\/revisions\/1120"}],"wp:attachment":[{"href":"https:\/\/www.heimatverein-sachsenhagen.de\/wordpress\/index.php\/wp-json\/wp\/v2\/media?parent=65"}],"curies":[{"name":"wp","href":"https:\/\/api.w.org\/{rel}","templated":true}]}}