{"id":61,"date":"2019-01-13T18:24:18","date_gmt":"2019-01-13T17:24:18","guid":{"rendered":"https:\/\/www.heimatverein-sachsenhagen.de\/wordpress\/?page_id=61"},"modified":"2020-04-13T16:06:06","modified_gmt":"2020-04-13T14:06:06","slug":"links","status":"publish","type":"page","link":"https:\/\/www.heimatverein-sachsenhagen.de\/wordpress\/index.php\/links\/","title":{"rendered":"Links"},"content":{"rendered":"\t\t<div data-elementor-type=\"wp-page\" data-elementor-id=\"61\" class=\"elementor elementor-61\">\n\t\t\t\t\t\t<section class=\"elementor-section elementor-top-section elementor-element elementor-element-1bf2e34 elementor-section-boxed elementor-section-height-default elementor-section-height-default\" data-id=\"1bf2e34\" data-element_type=\"section\" data-e-type=\"section\">\n\t\t\t\t\t\t<div class=\"elementor-container elementor-column-gap-default\">\n\t\t\t\t\t<div class=\"elementor-column elementor-col-100 elementor-top-column elementor-element elementor-element-29a6043\" data-id=\"29a6043\" data-element_type=\"column\" data-e-type=\"column\">\n\t\t\t<div class=\"elementor-widget-wrap elementor-element-populated\">\n\t\t\t\t\t\t<div class=\"elementor-element elementor-element-33c2d49 elementor-widget elementor-widget-wp-widget-ocean_custom_links\" data-id=\"33c2d49\" data-element_type=\"widget\" data-e-type=\"widget\" data-widget_type=\"wp-widget-ocean_custom_links.default\">\n\t\t\t\t<div class=\"elementor-widget-container\">\n\t\t\t\t\t<h5>Links<\/h5><ul class=\"oceanwp-custom-links\"><li><a href=\"http:\/\/www.schaumburg-lippischer-heimatverein.de\/\" target=\"_blank\" rel=\"noopener noreferrer\">Schaumburg-Lippischer-Heimatverein<\/a><span class=\"screen-reader-text\">Opens in a new tab<\/span><\/li><li><a href=\"http:\/\/www.histag-schaumburg.de\/\" target=\"_blank\" rel=\"noopener noreferrer\">Die Historische Arbeitsgemeinschaft f\u00fcr Schaumburg<\/a><span class=\"screen-reader-text\">Opens in a new tab<\/span><\/li><li><a href=\"http:\/\/www.schaumburgerlandschaft.de\" target=\"_blank\" rel=\"noopener noreferrer\">Die Schaumburger Landschaft <\/a><span class=\"screen-reader-text\">Opens in a new tab<\/span><\/li><li><a href=\"http:\/\/www.sachsenhagen.de\/\" target=\"_blank\" rel=\"noopener noreferrer\">Gemeinde Sachsenhagen und Auhagen<\/a><span class=\"screen-reader-text\">Opens in a new tab<\/span><\/li><li><a href=\"http:\/\/www.schaumburgerland-tourismus.de\/de\/\" target=\"_blank\" rel=\"noopener noreferrer\">Schaumburger Land Tourismus<\/a><span class=\"screen-reader-text\">Opens in a new tab<\/span><\/li><li><a href=\"http:\/\/www.eulenburg-museum.de\/\" target=\"_blank\" rel=\"noopener noreferrer\">Museum Rinteln in der Eulenburg<\/a><span class=\"screen-reader-text\">Opens in a new tab<\/span><\/li><li><a href=\"http:\/\/www.kirchebergkirchen.de\/histouwinz\/histo1.htm\" target=\"_blank\" rel=\"noopener noreferrer\">Kirchengemeinde Bergkirchen (Auhagen)<\/a><span class=\"screen-reader-text\">Opens in a new tab<\/span><\/li><li><a href=\"http:\/\/www.landfrauen-schaumburg.de\/ortsvereine\/sachsenhagen\/\" target=\"_blank\" rel=\"noopener noreferrer\">LandFrauenverein Sachsenhagen<\/a><span class=\"screen-reader-text\">Opens in a new tab<\/span><\/li><li><a href=\"http:\/\/www.kirche-sachsenhagen.de\/\" target=\"_blank\" rel=\"noopener noreferrer\">Ev.-Luth. Kirchengemeinde Sachsenhagen<\/a><span class=\"screen-reader-text\">Opens in a new tab<\/span><\/li><li><a href=\"http:\/\/www.bikemap.net\/de\/r\/3896042\/#10.37\/52.41\/9.3126\" target=\"_blank\" rel=\"noopener noreferrer\">Storchenroute in der Samtgemeinde Sachsenhagen<\/a><span class=\"screen-reader-text\">Opens in a new tab<\/span><\/li><li><a href=\"http:\/\/spurensuche.schaumburgerlandschaft.de\/\" target=\"_blank\" rel=\"noopener noreferrer\">Spurensuche in Schaumburg<\/a><span class=\"screen-reader-text\">Opens in a new tab<\/span><\/li><\/ul>\t\t\t\t<\/div>\n\t\t\t\t<\/div>\n\t\t\t\t\t<\/div>\n\t\t<\/div>\n\t\t\t\t\t<\/div>\n\t\t<\/section>\n\t\t\t\t<\/div>\n\t\t","protected":false},"excerpt":{"rendered":"","protected":false},"author":1,"featured_media":0,"parent":0,"menu_order":0,"comment_status":"closed","ping_status":"closed","template":"","meta":{"ocean_post_layout":"full-screen","ocean_both_sidebars_style":"","ocean_both_sidebars_content_width":0,"ocean_both_sidebars_sidebars_width":0,"ocean_sidebar":"0","ocean_second_sidebar":"0","ocean_disable_margins":"enable","ocean_add_body_class":"","ocean_shortcode_before_top_bar":"","ocean_shortcode_after_top_bar":"","ocean_shortcode_before_header":"","ocean_shortcode_after_header":"","ocean_has_shortcode":"","ocean_shortcode_after_title":"","ocean_shortcode_before_footer_widgets":"","ocean_shortcode_after_footer_widgets":"","ocean_shortcode_before_footer_bottom":"","ocean_shortcode_after_footer_bottom":"","ocean_display_top_bar":"default","ocean_display_header":"default","ocean_header_style":"","ocean_center_header_left_menu":"0","ocean_custom_header_template":"0","ocean_custom_logo":0,"ocean_custom_retina_logo":0,"ocean_custom_logo_max_width":0,"ocean_custom_logo_tablet_max_width":0,"ocean_custom_logo_mobile_max_width":0,"ocean_custom_logo_max_height":0,"ocean_custom_logo_tablet_max_height":0,"ocean_custom_logo_mobile_max_height":0,"ocean_header_custom_menu":"0","ocean_menu_typo_font_family":"0","ocean_menu_typo_font_subset":"","ocean_menu_typo_font_size":0,"ocean_menu_typo_font_size_tablet":0,"ocean_menu_typo_font_size_mobile":0,"ocean_menu_typo_font_size_unit":"px","ocean_menu_typo_font_weight":"","ocean_menu_typo_font_weight_tablet":"","ocean_menu_typo_font_weight_mobile":"","ocean_menu_typo_transform":"","ocean_menu_typo_transform_tablet":"","ocean_menu_typo_transform_mobile":"","ocean_menu_typo_line_height":0,"ocean_menu_typo_line_height_tablet":0,"ocean_menu_typo_line_height_mobile":0,"ocean_menu_typo_line_height_unit":"","ocean_menu_typo_spacing":0,"ocean_menu_typo_spacing_tablet":0,"ocean_menu_typo_spacing_mobile":0,"ocean_menu_typo_spacing_unit":"","ocean_menu_link_color":"","ocean_menu_link_color_hover":"","ocean_menu_link_color_active":"","ocean_menu_link_background":"","ocean_menu_link_hover_background":"","ocean_menu_link_active_background":"","ocean_menu_social_links_bg":"","ocean_menu_social_hover_links_bg":"","ocean_menu_social_links_color":"","ocean_menu_social_hover_links_color":"","ocean_disable_title":"on","ocean_disable_heading":"default","ocean_post_title":"","ocean_post_subheading":"","ocean_post_title_style":"","ocean_post_title_background_color":"","ocean_post_title_background":0,"ocean_post_title_bg_image_position":"","ocean_post_title_bg_image_attachment":"","ocean_post_title_bg_image_repeat":"","ocean_post_title_bg_image_size":"","ocean_post_title_height":0,"ocean_post_title_bg_overlay":0.5,"ocean_post_title_bg_overlay_color":"","ocean_disable_breadcrumbs":"default","ocean_breadcrumbs_color":"","ocean_breadcrumbs_separator_color":"","ocean_breadcrumbs_links_color":"","ocean_breadcrumbs_links_hover_color":"","ocean_display_footer_widgets":"default","ocean_display_footer_bottom":"default","ocean_custom_footer_template":"0","jetpack_post_was_ever_published":false,"footnotes":""},"class_list":["post-61","page","type-page","status-publish","hentry","entry"],"yoast_head":"<!-- This site is optimized with the Yoast SEO plugin v27.5 - https:\/\/yoast.com\/product\/yoast-seo-wordpress\/ -->\n<title>Links - Heimatverein Sachsenhagen Auhagen<\/title>\n<meta name=\"robots\" content=\"index, follow, max-snippet:-1, max-image-preview:large, max-video-preview:-1\" \/>\n<link rel=\"canonical\" href=\"https:\/\/www.heimatverein-sachsenhagen.de\/wordpress\/index.php\/links\/\" \/>\n<meta property=\"og:locale\" content=\"de_DE\" \/>\n<meta property=\"og:type\" content=\"article\" \/>\n<meta property=\"og:title\" content=\"Links - Heimatverein Sachsenhagen Auhagen\" \/>\n<meta property=\"og:url\" content=\"https:\/\/www.heimatverein-sachsenhagen.de\/wordpress\/index.php\/links\/\" \/>\n<meta property=\"og:site_name\" content=\"Heimatverein Sachsenhagen Auhagen\" \/>\n<meta property=\"article:modified_time\" content=\"2020-04-13T14:06:06+00:00\" \/>\n<meta name=\"twitter:card\" content=\"summary_large_image\" \/>\n<script type=\"application\/ld+json\" class=\"yoast-schema-graph\">{\"@context\":\"https:\\\/\\\/schema.org\",\"@graph\":[{\"@type\":\"WebPage\",\"@id\":\"https:\\\/\\\/www.heimatverein-sachsenhagen.de\\\/wordpress\\\/index.php\\\/links\\\/\",\"url\":\"https:\\\/\\\/www.heimatverein-sachsenhagen.de\\\/wordpress\\\/index.php\\\/links\\\/\",\"name\":\"Links - Heimatverein Sachsenhagen Auhagen\",\"isPartOf\":{\"@id\":\"https:\\\/\\\/www.heimatverein-sachsenhagen.de\\\/wordpress\\\/#website\"},\"datePublished\":\"2019-01-13T17:24:18+00:00\",\"dateModified\":\"2020-04-13T14:06:06+00:00\",\"breadcrumb\":{\"@id\":\"https:\\\/\\\/www.heimatverein-sachsenhagen.de\\\/wordpress\\\/index.php\\\/links\\\/#breadcrumb\"},\"inLanguage\":\"de\",\"potentialAction\":[{\"@type\":\"ReadAction\",\"target\":[\"https:\\\/\\\/www.heimatverein-sachsenhagen.de\\\/wordpress\\\/index.php\\\/links\\\/\"]}]},{\"@type\":\"BreadcrumbList\",\"@id\":\"https:\\\/\\\/www.heimatverein-sachsenhagen.de\\\/wordpress\\\/index.php\\\/links\\\/#breadcrumb\",\"itemListElement\":[{\"@type\":\"ListItem\",\"position\":1,\"name\":\"Home\",\"item\":\"https:\\\/\\\/www.heimatverein-sachsenhagen.de\\\/wordpress\\\/\"},{\"@type\":\"ListItem\",\"position\":2,\"name\":\"Links\"}]},{\"@type\":\"WebSite\",\"@id\":\"https:\\\/\\\/www.heimatverein-sachsenhagen.de\\\/wordpress\\\/#website\",\"url\":\"https:\\\/\\\/www.heimatverein-sachsenhagen.de\\\/wordpress\\\/\",\"name\":\"Heimatverein Sachsenhagen Auhagen\",\"description\":\"Heimat ist Leben\",\"publisher\":{\"@id\":\"https:\\\/\\\/www.heimatverein-sachsenhagen.de\\\/wordpress\\\/#organization\"},\"potentialAction\":[{\"@type\":\"SearchAction\",\"target\":{\"@type\":\"EntryPoint\",\"urlTemplate\":\"https:\\\/\\\/www.heimatverein-sachsenhagen.de\\\/wordpress\\\/?s={search_term_string}\"},\"query-input\":{\"@type\":\"PropertyValueSpecification\",\"valueRequired\":true,\"valueName\":\"search_term_string\"}}],\"inLanguage\":\"de\"},{\"@type\":\"Organization\",\"@id\":\"https:\\\/\\\/www.heimatverein-sachsenhagen.de\\\/wordpress\\\/#organization\",\"name\":\"Heimatverein Sachsenhagen Auhagen\",\"url\":\"https:\\\/\\\/www.heimatverein-sachsenhagen.de\\\/wordpress\\\/\",\"logo\":{\"@type\":\"ImageObject\",\"inLanguage\":\"de\",\"@id\":\"https:\\\/\\\/www.heimatverein-sachsenhagen.de\\\/wordpress\\\/#\\\/schema\\\/logo\\\/image\\\/\",\"url\":\"https:\\\/\\\/www.heimatverein-sachsenhagen.de\\\/wordpress\\\/wp-content\\\/uploads\\\/2020\\\/05\\\/cropped-Logo-neu-Mai-2020.jpg\",\"contentUrl\":\"https:\\\/\\\/www.heimatverein-sachsenhagen.de\\\/wordpress\\\/wp-content\\\/uploads\\\/2020\\\/05\\\/cropped-Logo-neu-Mai-2020.jpg\",\"width\":1280,\"height\":363,\"caption\":\"Heimatverein Sachsenhagen Auhagen\"},\"image\":{\"@id\":\"https:\\\/\\\/www.heimatverein-sachsenhagen.de\\\/wordpress\\\/#\\\/schema\\\/logo\\\/image\\\/\"}}]}<\/script>\n<!-- \/ Yoast SEO plugin. -->","yoast_head_json":{"title":"Links - Heimatverein Sachsenhagen Auhagen","robots":{"index":"index","follow":"follow","max-snippet":"max-snippet:-1","max-image-preview":"max-image-preview:large","max-video-preview":"max-video-preview:-1"},"canonical":"https:\/\/www.heimatverein-sachsenhagen.de\/wordpress\/index.php\/links\/","og_locale":"de_DE","og_type":"article","og_title":"Links - Heimatverein Sachsenhagen Auhagen","og_url":"https:\/\/www.heimatverein-sachsenhagen.de\/wordpress\/index.php\/links\/","og_site_name":"Heimatverein Sachsenhagen Auhagen","article_modified_time":"2020-04-13T14:06:06+00:00","twitter_card":"summary_large_image","schema":{"@context":"https:\/\/schema.org","@graph":[{"@type":"WebPage","@id":"https:\/\/www.heimatverein-sachsenhagen.de\/wordpress\/index.php\/links\/","url":"https:\/\/www.heimatverein-sachsenhagen.de\/wordpress\/index.php\/links\/","name":"Links - Heimatverein Sachsenhagen Auhagen","isPartOf":{"@id":"https:\/\/www.heimatverein-sachsenhagen.de\/wordpress\/#website"},"datePublished":"2019-01-13T17:24:18+00:00","dateModified":"2020-04-13T14:06:06+00:00","breadcrumb":{"@id":"https:\/\/www.heimatverein-sachsenhagen.de\/wordpress\/index.php\/links\/#breadcrumb"},"inLanguage":"de","potentialAction":[{"@type":"ReadAction","target":["https:\/\/www.heimatverein-sachsenhagen.de\/wordpress\/index.php\/links\/"]}]},{"@type":"BreadcrumbList","@id":"https:\/\/www.heimatverein-sachsenhagen.de\/wordpress\/index.php\/links\/#breadcrumb","itemListElement":[{"@type":"ListItem","position":1,"name":"Home","item":"https:\/\/www.heimatverein-sachsenhagen.de\/wordpress\/"},{"@type":"ListItem","position":2,"name":"Links"}]},{"@type":"WebSite","@id":"https:\/\/www.heimatverein-sachsenhagen.de\/wordpress\/#website","url":"https:\/\/www.heimatverein-sachsenhagen.de\/wordpress\/","name":"Heimatverein Sachsenhagen Auhagen","description":"Heimat ist Leben","publisher":{"@id":"https:\/\/www.heimatverein-sachsenhagen.de\/wordpress\/#organization"},"potentialAction":[{"@type":"SearchAction","target":{"@type":"EntryPoint","urlTemplate":"https:\/\/www.heimatverein-sachsenhagen.de\/wordpress\/?s={search_term_string}"},"query-input":{"@type":"PropertyValueSpecification","valueRequired":true,"valueName":"search_term_string"}}],"inLanguage":"de"},{"@type":"Organization","@id":"https:\/\/www.heimatverein-sachsenhagen.de\/wordpress\/#organization","name":"Heimatverein Sachsenhagen Auhagen","url":"https:\/\/www.heimatverein-sachsenhagen.de\/wordpress\/","logo":{"@type":"ImageObject","inLanguage":"de","@id":"https:\/\/www.heimatverein-sachsenhagen.de\/wordpress\/#\/schema\/logo\/image\/","url":"https:\/\/www.heimatverein-sachsenhagen.de\/wordpress\/wp-content\/uploads\/2020\/05\/cropped-Logo-neu-Mai-2020.jpg","contentUrl":"https:\/\/www.heimatverein-sachsenhagen.de\/wordpress\/wp-content\/uploads\/2020\/05\/cropped-Logo-neu-Mai-2020.jpg","width":1280,"height":363,"caption":"Heimatverein Sachsenhagen Auhagen"},"image":{"@id":"https:\/\/www.heimatverein-sachsenhagen.de\/wordpress\/#\/schema\/logo\/image\/"}}]}},"jetpack_sharing_enabled":true,"jetpack-related-posts":[{"id":72,"url":"https:\/\/www.heimatverein-sachsenhagen.de\/wordpress\/index.php\/impressum\/","url_meta":{"origin":61,"position":0},"title":"Impressum","author":"theo","date":"2019-01-13","format":false,"excerpt":"Impressum Angaben gem. \u00a7 5 TMG:Heimatverein Sachsenhagen e.V. VorsitzendeSusanne EveraartsKuhle 731553 SachsenhagenTelefon: 0049 5725 708239 E-Mail: Heimatverein-sachsenhagen#ist-einmalig.de (# ersetzen durch @)Vereinsregister: Amtsgericht Stadthagen Nr. VR 671Haftungsausschluss - Disclaimer:Haftung f\u00fcr InhalteAlle Inhalte unseres Internetauftritts wurden mit gr\u00f6\u00dfter Sorgfalt und nach bestem Gewissen erstellt. F\u00fcr die Richtigkeit, Vollst\u00e4ndigkeit und Aktualit\u00e4t der Inhalte\u2026","rel":"","context":"\u00c4hnlicher Beitrag","block_context":{"text":"\u00c4hnlicher Beitrag","link":""},"img":{"alt_text":"","src":"","width":0,"height":0},"classes":[]},{"id":222,"url":"https:\/\/www.heimatverein-sachsenhagen.de\/wordpress\/index.php\/kontakt\/","url_meta":{"origin":61,"position":1},"title":"Kontakt","author":"theo","date":"2019-01-15","format":false,"excerpt":"Email: Heimatverein-sachsenhagen#ist-einmalig.de (# mit @ ersetzen); Tel: 0049 (0) 5725 913 203Adresse: Kuhle 7, 31553 Sachsenhagen Bitte mit der Maus links unter das Nachrichtenfeld gehen und auf \"Senden\" klicken","rel":"","context":"\u00c4hnlicher Beitrag","block_context":{"text":"\u00c4hnlicher Beitrag","link":""},"img":{"alt_text":"","src":"https:\/\/i0.wp.com\/www.heimatverein-sachsenhagen.de\/wordpress\/wp-content\/uploads\/2019\/01\/DSC_3721-1024x687.jpg?resize=350%2C200&ssl=1","width":350,"height":200,"srcset":"https:\/\/i0.wp.com\/www.heimatverein-sachsenhagen.de\/wordpress\/wp-content\/uploads\/2019\/01\/DSC_3721-1024x687.jpg?resize=350%2C200&ssl=1 1x, https:\/\/i0.wp.com\/www.heimatverein-sachsenhagen.de\/wordpress\/wp-content\/uploads\/2019\/01\/DSC_3721-1024x687.jpg?resize=525%2C300&ssl=1 1.5x, https:\/\/i0.wp.com\/www.heimatverein-sachsenhagen.de\/wordpress\/wp-content\/uploads\/2019\/01\/DSC_3721-1024x687.jpg?resize=700%2C400&ssl=1 2x"},"classes":[]},{"id":58,"url":"https:\/\/www.heimatverein-sachsenhagen.de\/wordpress\/index.php\/geschlechterbuch\/","url_meta":{"origin":61,"position":2},"title":"Geschlechterbuch","author":"theo","date":"2019-01-13","format":false,"excerpt":"\"Geschlechterbuch der Stadt Sachsenhagen\" Band I und II, Private handschriftliche Aufzeichnungen. Erstellt etwa von 1950 bis 1958 von Albert St\u00fcnkel, Kaufmann, wohnhaft Markt 10, aus Quellen des Stadt- und Kirchenarchives.\u00a0 Fertiggestellt im Okt. 1958. \u00c4lteste Familiendaten etwa ab 1650 bis etwa 1950. Band 1 hat 205 und Band 2\u00a0 200\u2026","rel":"","context":"\u00c4hnlicher Beitrag","block_context":{"text":"\u00c4hnlicher Beitrag","link":""},"img":{"alt_text":"","src":"https:\/\/i0.wp.com\/www.heimatverein-sachsenhagen.de\/wordpress\/wp-content\/uploads\/2020\/04\/Geschlechterbuch-Inhaltsverz-Buchst-A-768x576.jpg?resize=350%2C200&ssl=1","width":350,"height":200,"srcset":"https:\/\/i0.wp.com\/www.heimatverein-sachsenhagen.de\/wordpress\/wp-content\/uploads\/2020\/04\/Geschlechterbuch-Inhaltsverz-Buchst-A-768x576.jpg?resize=350%2C200&ssl=1 1x, https:\/\/i0.wp.com\/www.heimatverein-sachsenhagen.de\/wordpress\/wp-content\/uploads\/2020\/04\/Geschlechterbuch-Inhaltsverz-Buchst-A-768x576.jpg?resize=525%2C300&ssl=1 1.5x, https:\/\/i0.wp.com\/www.heimatverein-sachsenhagen.de\/wordpress\/wp-content\/uploads\/2020\/04\/Geschlechterbuch-Inhaltsverz-Buchst-A-768x576.jpg?resize=700%2C400&ssl=1 2x"},"classes":[]},{"id":16,"url":"https:\/\/www.heimatverein-sachsenhagen.de\/wordpress\/","url_meta":{"origin":61,"position":3},"title":"Start","author":"theo","date":"2019-01-13","format":false,"excerpt":"Markt Sachsenhagen Schlo\u00dfwiese, links Zeughaus, mitte Schlossturm, rechts Amthaus Der Heimatverein Sachsenhagen-Auhagen Seit 1982 besteht der\u00a0 Heimatverein Sachsenhagen-Auhagen. Die Zielsetzungen des Vereines sind Kultur- und Denkmalpflege, Interesse wecken f\u00fcr die Heimat- und Altertumskunde, Pflege des heimatlichen Brauchtums, Aufarbeitung der Ortsgeschichte, Umwelt-, Landschafts- und Denkmalschutz und die Mitwirkung an der Stadtentwicklung.\u2026","rel":"","context":"\u00c4hnlicher Beitrag","block_context":{"text":"\u00c4hnlicher Beitrag","link":""},"img":{"alt_text":"","src":"https:\/\/i0.wp.com\/www.heimatverein-sachsenhagen.de\/wordpress\/wp-content\/uploads\/2019\/01\/Ortsblick_auf_den_Marktplatz_in_Sachsenhagen_IMG_5353WIKI-1024x682.jpg?resize=350%2C200&ssl=1","width":350,"height":200,"srcset":"https:\/\/i0.wp.com\/www.heimatverein-sachsenhagen.de\/wordpress\/wp-content\/uploads\/2019\/01\/Ortsblick_auf_den_Marktplatz_in_Sachsenhagen_IMG_5353WIKI-1024x682.jpg?resize=350%2C200&ssl=1 1x, https:\/\/i0.wp.com\/www.heimatverein-sachsenhagen.de\/wordpress\/wp-content\/uploads\/2019\/01\/Ortsblick_auf_den_Marktplatz_in_Sachsenhagen_IMG_5353WIKI-1024x682.jpg?resize=525%2C300&ssl=1 1.5x, https:\/\/i0.wp.com\/www.heimatverein-sachsenhagen.de\/wordpress\/wp-content\/uploads\/2019\/01\/Ortsblick_auf_den_Marktplatz_in_Sachsenhagen_IMG_5353WIKI-1024x682.jpg?resize=700%2C400&ssl=1 2x"},"classes":[]},{"id":1466,"url":"https:\/\/www.heimatverein-sachsenhagen.de\/wordpress\/index.php\/amthaus-sachsenhagen\/","url_meta":{"origin":61,"position":4},"title":"Amthaus Sachsenhagen","author":"theo","date":"2020-05-12","format":false,"excerpt":"Das Amthaus zu Sachsenhagen Entstehungsgeschichte und geographische Lage Etwa um das Jahr 1253 baut Herzog Albrecht I. von Sachsen eine Wasserburg im Dreieck der Einm\u00fcndung der Faulen Riehe in die Sachsenh\u00e4ger Aue, um seine Herrschaftsanspr\u00fcche zu festigen. Der \u00dcbergang auf dem Weg von Hameln nach Nienburg und Verden \u00fcber das\u2026","rel":"","context":"\u00c4hnlicher Beitrag","block_context":{"text":"\u00c4hnlicher Beitrag","link":""},"img":{"alt_text":"","src":"https:\/\/i0.wp.com\/www.heimatverein-sachsenhagen.de\/wordpress\/wp-content\/uploads\/2020\/05\/Amthaus-mit-Turm-k-1024x568.jpg?resize=350%2C200&ssl=1","width":350,"height":200,"srcset":"https:\/\/i0.wp.com\/www.heimatverein-sachsenhagen.de\/wordpress\/wp-content\/uploads\/2020\/05\/Amthaus-mit-Turm-k-1024x568.jpg?resize=350%2C200&ssl=1 1x, https:\/\/i0.wp.com\/www.heimatverein-sachsenhagen.de\/wordpress\/wp-content\/uploads\/2020\/05\/Amthaus-mit-Turm-k-1024x568.jpg?resize=525%2C300&ssl=1 1.5x, https:\/\/i0.wp.com\/www.heimatverein-sachsenhagen.de\/wordpress\/wp-content\/uploads\/2020\/05\/Amthaus-mit-Turm-k-1024x568.jpg?resize=700%2C400&ssl=1 2x"},"classes":[]},{"id":1606,"url":"https:\/\/www.heimatverein-sachsenhagen.de\/wordpress\/index.php\/schlossbrunnen\/","url_meta":{"origin":61,"position":5},"title":"Schlo\u00dfbrunnen","author":"theo","date":"2020-05-18","format":false,"excerpt":"Das Sandsteinbecken zum Schloss Sachsenhagen Abb.: Das Sandsteinbecken aufgestellt in 2012 auf der ehemaligen Bleichwiese am Schloss Das Sandsteinbecken ist ein Zierbrunnen des Schlosses Sachsenhagen.Da bisher keine schriftlichen Aufzeichnungen bekannt waren, sind unterschiedliche Vermutungen angestellt worden, um die Herkunft zu erkl\u00e4ren. Aufgrund der Form wurde die Verwendung als Taufstein genannt.\u2026","rel":"","context":"\u00c4hnlicher Beitrag","block_context":{"text":"\u00c4hnlicher Beitrag","link":""},"img":{"alt_text":"","src":"https:\/\/i0.wp.com\/www.heimatverein-sachsenhagen.de\/wordpress\/wp-content\/uploads\/2020\/05\/Stadtplan-Schlossbrunnen-1714.jpg?resize=350%2C200&ssl=1","width":350,"height":200,"srcset":"https:\/\/i0.wp.com\/www.heimatverein-sachsenhagen.de\/wordpress\/wp-content\/uploads\/2020\/05\/Stadtplan-Schlossbrunnen-1714.jpg?resize=350%2C200&ssl=1 1x, https:\/\/i0.wp.com\/www.heimatverein-sachsenhagen.de\/wordpress\/wp-content\/uploads\/2020\/05\/Stadtplan-Schlossbrunnen-1714.jpg?resize=525%2C300&ssl=1 1.5x, https:\/\/i0.wp.com\/www.heimatverein-sachsenhagen.de\/wordpress\/wp-content\/uploads\/2020\/05\/Stadtplan-Schlossbrunnen-1714.jpg?resize=700%2C400&ssl=1 2x"},"classes":[]}],"_links":{"self":[{"href":"https:\/\/www.heimatverein-sachsenhagen.de\/wordpress\/index.php\/wp-json\/wp\/v2\/pages\/61","targetHints":{"allow":["GET"]}}],"collection":[{"href":"https:\/\/www.heimatverein-sachsenhagen.de\/wordpress\/index.php\/wp-json\/wp\/v2\/pages"}],"about":[{"href":"https:\/\/www.heimatverein-sachsenhagen.de\/wordpress\/index.php\/wp-json\/wp\/v2\/types\/page"}],"author":[{"embeddable":true,"href":"https:\/\/www.heimatverein-sachsenhagen.de\/wordpress\/index.php\/wp-json\/wp\/v2\/users\/1"}],"replies":[{"embeddable":true,"href":"https:\/\/www.heimatverein-sachsenhagen.de\/wordpress\/index.php\/wp-json\/wp\/v2\/comments?post=61"}],"version-history":[{"count":8,"href":"https:\/\/www.heimatverein-sachsenhagen.de\/wordpress\/index.php\/wp-json\/wp\/v2\/pages\/61\/revisions"}],"predecessor-version":[{"id":1110,"href":"https:\/\/www.heimatverein-sachsenhagen.de\/wordpress\/index.php\/wp-json\/wp\/v2\/pages\/61\/revisions\/1110"}],"wp:attachment":[{"href":"https:\/\/www.heimatverein-sachsenhagen.de\/wordpress\/index.php\/wp-json\/wp\/v2\/media?parent=61"}],"curies":[{"name":"wp","href":"https:\/\/api.w.org\/{rel}","templated":true}]}}