{"id":46,"date":"2019-01-13T18:18:07","date_gmt":"2019-01-13T17:18:07","guid":{"rendered":"https:\/\/www.heimatverein-sachsenhagen.de\/wordpress\/?page_id=46"},"modified":"2020-04-06T15:19:38","modified_gmt":"2020-04-06T13:19:38","slug":"vereinsgeschichte","status":"publish","type":"page","link":"https:\/\/www.heimatverein-sachsenhagen.de\/wordpress\/index.php\/vereinsgeschichte\/","title":{"rendered":"Vereinsgeschichte"},"content":{"rendered":"\t\t<div data-elementor-type=\"wp-page\" data-elementor-id=\"46\" class=\"elementor elementor-46\">\n\t\t\t\t\t\t<section class=\"elementor-section elementor-top-section elementor-element elementor-element-67b88a6 elementor-section-boxed elementor-section-height-default elementor-section-height-default\" data-id=\"67b88a6\" data-element_type=\"section\" data-e-type=\"section\">\n\t\t\t\t\t\t<div class=\"elementor-container elementor-column-gap-default\">\n\t\t\t\t\t<div class=\"elementor-column elementor-col-100 elementor-top-column elementor-element elementor-element-b844909\" data-id=\"b844909\" data-element_type=\"column\" data-e-type=\"column\">\n\t\t\t<div class=\"elementor-widget-wrap elementor-element-populated\">\n\t\t\t\t\t\t<div class=\"elementor-element elementor-element-a02cc72 elementor-widget elementor-widget-text-editor\" data-id=\"a02cc72\" data-element_type=\"widget\" data-e-type=\"widget\" data-widget_type=\"text-editor.default\">\n\t\t\t\t<div class=\"elementor-widget-container\">\n\t\t\t\t\t\t\t\t\t<h2><strong>Chronik des Heimatvereins Sachsenhagen-Auhagen<\/strong><\/h2><p><strong>7. 7. 1947<\/strong> Ein Heimatverein Sachsenhagen wird erstmalig gegr\u00fcndet. Sp\u00e4ter l\u00f6st sich dieser Verein wieder auf.<\/p><p><strong>9. 6. 1976<\/strong> Der F\u00f6rderkreis zur Schaffung von Sportanlagen an der Mittelpunktschule beschlie\u00dft eine Satzung zur F\u00f6rderung von Sportanlagen und zur Weiterf\u00fchrung der Aufgaben der Initiativgruppe Schule Sachsenhagen. Vorsitzender wird Udo Platz.<\/p><p><strong>31. 3. 1982<\/strong> der F\u00f6rderkreis wird nach getaner Arbeit wieder aufgel\u00f6st. 8 Mitglieder wollen einen Heimatverein bilden.<\/p><p><strong>26. 5. 1982<\/strong> 13 Personen gr\u00fcnden den Heimat- und Versch\u00f6nerungsverein Sachsenhagen Auhagen. Der Vorsitzende wird Hans Bielefeld.<\/p><p><strong>12. 6. 1990<\/strong> Anne Beckmann wird Vorsitzende. stellv. Vorsitzender Udo Platz. Kassiererin Anneliese Hannemann. Schriftf\u00fchrer Theodor Beckmann.<\/p><p><strong>29. 5. 1991<\/strong> Die Mitgliederversammlung beschlie\u00dft eine neue Satzung des Heimatvereins Sachsenhagen \u2013 Auhagen. Heinrich Kolbe wird Kassierer und l\u00f6st Anneliese Hannemann ab.<\/p><p><strong>12. 9. 1991<\/strong> Der \u00a0Heimatverein Sachsenhagen &#8211; Auhagen e.V. wird ins Vereinsregister eingetragen.<\/p><p><strong>21. 2. 1994<\/strong>\u00a0 Peter St\u00fcnkel wird stellv. Vorsitzender und l\u00f6st Udo Platz ab.<\/p><p><strong>24. 3. 2003<\/strong> Susanne Everaarts wird Kassiererin und l\u00f6st Heinrich Kolbe ab.<\/p><p><strong>01. 8. 2007<\/strong> Die Stadt Sachsenhagen stellt dem Heimatverein die R\u00e4ume im Dachgeschoss des Ratskellers, Markt 8, zur alleinigen Nutzung zur Verf\u00fcgung. Vorher nutze der Verein die R\u00e4ume im Dachgeschoss der alten Schule in der Petersilienstra\u00dfe.<\/p><p><strong>03. 3. 2008<\/strong> Eine Homepage wird erstellt. Der Verein hat ca. 35 Mitglieder<\/p><p><strong>16.3. 2009<\/strong>\u00a0 Erika Sembdner wird stellv. Vorsitzende und l\u00f6st Peter St\u00fcnkel ab.<\/p><p><strong>18.3. 2013<\/strong>\u00a0 Theodor Beckmann wird Vorsitzender und l\u00f6st Anne Beckmann ab.\u00a0 Margot Struckmeier wird Schriftf\u00fchrerin und l\u00f6st Theodor Beckmann ab.<\/p><p><strong>16. 2. 2015\u00a0<\/strong> Anne Beckmann wird Schriftf\u00fchrerin und l\u00f6st Margot Struckmeier ab. Der Verein hat ca. 40 Mitglieder.<\/p><p><strong>20. 2. 2017<\/strong> Der Verein beschlie\u00dft eine neue Satzung aufgrund von steuerrechtlichen Vorgaben. Die Eintragung ins Amtsregister beim Amtsgericht Stadthagen erfolgt am 21.7. 2017 unter der Gesch\u00e4ftsnr. NZS VR 671<\/p><p><strong>03. 1. 2019<\/strong> Die Homepage wird\u00a0 neu erstellt und der Darstellung auf einem Smartphone angepasst. Der Verein hat ca. 44 Mitglieder.<\/p>\t\t\t\t\t\t\t\t<\/div>\n\t\t\t\t<\/div>\n\t\t\t\t\t<\/div>\n\t\t<\/div>\n\t\t\t\t\t<\/div>\n\t\t<\/section>\n\t\t\t\t<\/div>\n\t\t","protected":false},"excerpt":{"rendered":"<p>Chronik des Heimatvereins Sachsenhagen-Auhagen 7. 7. 1947 Ein Heimatverein Sachsenhagen wird erstmalig gegr\u00fcndet. Sp\u00e4ter l\u00f6st sich dieser Verein wieder auf. 9. 6. 1976 Der F\u00f6rderkreis zur Schaffung von Sportanlagen an der Mittelpunktschule beschlie\u00dft eine Satzung zur F\u00f6rderung von Sportanlagen und zur Weiterf\u00fchrung der Aufgaben der Initiativgruppe Schule Sachsenhagen. Vorsitzender wird Udo Platz. 31. 3. 1982 [&hellip;]<\/p>\n","protected":false},"author":1,"featured_media":0,"parent":0,"menu_order":0,"comment_status":"closed","ping_status":"closed","template":"","meta":{"ocean_post_layout":"full-screen","ocean_both_sidebars_style":"","ocean_both_sidebars_content_width":0,"ocean_both_sidebars_sidebars_width":0,"ocean_sidebar":"0","ocean_second_sidebar":"0","ocean_disable_margins":"enable","ocean_add_body_class":"","ocean_shortcode_before_top_bar":"","ocean_shortcode_after_top_bar":"","ocean_shortcode_before_header":"","ocean_shortcode_after_header":"","ocean_has_shortcode":"","ocean_shortcode_after_title":"","ocean_shortcode_before_footer_widgets":"","ocean_shortcode_after_footer_widgets":"","ocean_shortcode_before_footer_bottom":"","ocean_shortcode_after_footer_bottom":"","ocean_display_top_bar":"default","ocean_display_header":"default","ocean_header_style":"","ocean_center_header_left_menu":"0","ocean_custom_header_template":"0","ocean_custom_logo":0,"ocean_custom_retina_logo":0,"ocean_custom_logo_max_width":0,"ocean_custom_logo_tablet_max_width":0,"ocean_custom_logo_mobile_max_width":0,"ocean_custom_logo_max_height":0,"ocean_custom_logo_tablet_max_height":0,"ocean_custom_logo_mobile_max_height":0,"ocean_header_custom_menu":"0","ocean_menu_typo_font_family":"0","ocean_menu_typo_font_subset":"","ocean_menu_typo_font_size":0,"ocean_menu_typo_font_size_tablet":0,"ocean_menu_typo_font_size_mobile":0,"ocean_menu_typo_font_size_unit":"px","ocean_menu_typo_font_weight":"","ocean_menu_typo_font_weight_tablet":"","ocean_menu_typo_font_weight_mobile":"","ocean_menu_typo_transform":"","ocean_menu_typo_transform_tablet":"","ocean_menu_typo_transform_mobile":"","ocean_menu_typo_line_height":0,"ocean_menu_typo_line_height_tablet":0,"ocean_menu_typo_line_height_mobile":0,"ocean_menu_typo_line_height_unit":"","ocean_menu_typo_spacing":0,"ocean_menu_typo_spacing_tablet":0,"ocean_menu_typo_spacing_mobile":0,"ocean_menu_typo_spacing_unit":"","ocean_menu_link_color":"","ocean_menu_link_color_hover":"","ocean_menu_link_color_active":"","ocean_menu_link_background":"","ocean_menu_link_hover_background":"","ocean_menu_link_active_background":"","ocean_menu_social_links_bg":"","ocean_menu_social_hover_links_bg":"","ocean_menu_social_links_color":"","ocean_menu_social_hover_links_color":"","ocean_disable_title":"default","ocean_disable_heading":"default","ocean_post_title":"","ocean_post_subheading":"","ocean_post_title_style":"","ocean_post_title_background_color":"","ocean_post_title_background":0,"ocean_post_title_bg_image_position":"","ocean_post_title_bg_image_attachment":"","ocean_post_title_bg_image_repeat":"","ocean_post_title_bg_image_size":"","ocean_post_title_height":0,"ocean_post_title_bg_overlay":0.5,"ocean_post_title_bg_overlay_color":"","ocean_disable_breadcrumbs":"default","ocean_breadcrumbs_color":"","ocean_breadcrumbs_separator_color":"","ocean_breadcrumbs_links_color":"","ocean_breadcrumbs_links_hover_color":"","ocean_display_footer_widgets":"default","ocean_display_footer_bottom":"default","ocean_custom_footer_template":"0","jetpack_post_was_ever_published":false,"footnotes":""},"class_list":["post-46","page","type-page","status-publish","hentry","entry"],"yoast_head":"<!-- This site is optimized with the Yoast SEO plugin v27.5 - https:\/\/yoast.com\/product\/yoast-seo-wordpress\/ -->\n<title>Vereinsgeschichte - Heimatverein Sachsenhagen Auhagen<\/title>\n<meta name=\"robots\" content=\"index, follow, max-snippet:-1, max-image-preview:large, max-video-preview:-1\" \/>\n<link rel=\"canonical\" href=\"https:\/\/www.heimatverein-sachsenhagen.de\/wordpress\/index.php\/vereinsgeschichte\/\" \/>\n<meta property=\"og:locale\" content=\"de_DE\" \/>\n<meta property=\"og:type\" content=\"article\" \/>\n<meta property=\"og:title\" content=\"Vereinsgeschichte - Heimatverein Sachsenhagen Auhagen\" \/>\n<meta property=\"og:description\" content=\"Chronik des Heimatvereins Sachsenhagen-Auhagen 7. 7. 1947 Ein Heimatverein Sachsenhagen wird erstmalig gegr\u00fcndet. Sp\u00e4ter l\u00f6st sich dieser Verein wieder auf. 9. 6. 1976 Der F\u00f6rderkreis zur Schaffung von Sportanlagen an der Mittelpunktschule beschlie\u00dft eine Satzung zur F\u00f6rderung von Sportanlagen und zur Weiterf\u00fchrung der Aufgaben der Initiativgruppe Schule Sachsenhagen. Vorsitzender wird Udo Platz. 31. 3. 1982 [&hellip;]\" \/>\n<meta property=\"og:url\" content=\"https:\/\/www.heimatverein-sachsenhagen.de\/wordpress\/index.php\/vereinsgeschichte\/\" \/>\n<meta property=\"og:site_name\" content=\"Heimatverein Sachsenhagen Auhagen\" \/>\n<meta property=\"article:modified_time\" content=\"2020-04-06T13:19:38+00:00\" \/>\n<meta name=\"twitter:card\" content=\"summary_large_image\" \/>\n<meta name=\"twitter:label1\" content=\"Gesch\u00e4tzte Lesezeit\" \/>\n\t<meta name=\"twitter:data1\" content=\"1\u00a0Minute\" \/>\n<script type=\"application\/ld+json\" class=\"yoast-schema-graph\">{\"@context\":\"https:\\\/\\\/schema.org\",\"@graph\":[{\"@type\":\"WebPage\",\"@id\":\"https:\\\/\\\/www.heimatverein-sachsenhagen.de\\\/wordpress\\\/index.php\\\/vereinsgeschichte\\\/\",\"url\":\"https:\\\/\\\/www.heimatverein-sachsenhagen.de\\\/wordpress\\\/index.php\\\/vereinsgeschichte\\\/\",\"name\":\"Vereinsgeschichte - Heimatverein Sachsenhagen Auhagen\",\"isPartOf\":{\"@id\":\"https:\\\/\\\/www.heimatverein-sachsenhagen.de\\\/wordpress\\\/#website\"},\"datePublished\":\"2019-01-13T17:18:07+00:00\",\"dateModified\":\"2020-04-06T13:19:38+00:00\",\"breadcrumb\":{\"@id\":\"https:\\\/\\\/www.heimatverein-sachsenhagen.de\\\/wordpress\\\/index.php\\\/vereinsgeschichte\\\/#breadcrumb\"},\"inLanguage\":\"de\",\"potentialAction\":[{\"@type\":\"ReadAction\",\"target\":[\"https:\\\/\\\/www.heimatverein-sachsenhagen.de\\\/wordpress\\\/index.php\\\/vereinsgeschichte\\\/\"]}]},{\"@type\":\"BreadcrumbList\",\"@id\":\"https:\\\/\\\/www.heimatverein-sachsenhagen.de\\\/wordpress\\\/index.php\\\/vereinsgeschichte\\\/#breadcrumb\",\"itemListElement\":[{\"@type\":\"ListItem\",\"position\":1,\"name\":\"Home\",\"item\":\"https:\\\/\\\/www.heimatverein-sachsenhagen.de\\\/wordpress\\\/\"},{\"@type\":\"ListItem\",\"position\":2,\"name\":\"Vereinsgeschichte\"}]},{\"@type\":\"WebSite\",\"@id\":\"https:\\\/\\\/www.heimatverein-sachsenhagen.de\\\/wordpress\\\/#website\",\"url\":\"https:\\\/\\\/www.heimatverein-sachsenhagen.de\\\/wordpress\\\/\",\"name\":\"Heimatverein Sachsenhagen Auhagen\",\"description\":\"Heimat ist Leben\",\"publisher\":{\"@id\":\"https:\\\/\\\/www.heimatverein-sachsenhagen.de\\\/wordpress\\\/#organization\"},\"potentialAction\":[{\"@type\":\"SearchAction\",\"target\":{\"@type\":\"EntryPoint\",\"urlTemplate\":\"https:\\\/\\\/www.heimatverein-sachsenhagen.de\\\/wordpress\\\/?s={search_term_string}\"},\"query-input\":{\"@type\":\"PropertyValueSpecification\",\"valueRequired\":true,\"valueName\":\"search_term_string\"}}],\"inLanguage\":\"de\"},{\"@type\":\"Organization\",\"@id\":\"https:\\\/\\\/www.heimatverein-sachsenhagen.de\\\/wordpress\\\/#organization\",\"name\":\"Heimatverein Sachsenhagen Auhagen\",\"url\":\"https:\\\/\\\/www.heimatverein-sachsenhagen.de\\\/wordpress\\\/\",\"logo\":{\"@type\":\"ImageObject\",\"inLanguage\":\"de\",\"@id\":\"https:\\\/\\\/www.heimatverein-sachsenhagen.de\\\/wordpress\\\/#\\\/schema\\\/logo\\\/image\\\/\",\"url\":\"https:\\\/\\\/www.heimatverein-sachsenhagen.de\\\/wordpress\\\/wp-content\\\/uploads\\\/2020\\\/05\\\/cropped-Logo-neu-Mai-2020.jpg\",\"contentUrl\":\"https:\\\/\\\/www.heimatverein-sachsenhagen.de\\\/wordpress\\\/wp-content\\\/uploads\\\/2020\\\/05\\\/cropped-Logo-neu-Mai-2020.jpg\",\"width\":1280,\"height\":363,\"caption\":\"Heimatverein Sachsenhagen Auhagen\"},\"image\":{\"@id\":\"https:\\\/\\\/www.heimatverein-sachsenhagen.de\\\/wordpress\\\/#\\\/schema\\\/logo\\\/image\\\/\"}}]}<\/script>\n<!-- \/ Yoast SEO plugin. -->","yoast_head_json":{"title":"Vereinsgeschichte - Heimatverein Sachsenhagen Auhagen","robots":{"index":"index","follow":"follow","max-snippet":"max-snippet:-1","max-image-preview":"max-image-preview:large","max-video-preview":"max-video-preview:-1"},"canonical":"https:\/\/www.heimatverein-sachsenhagen.de\/wordpress\/index.php\/vereinsgeschichte\/","og_locale":"de_DE","og_type":"article","og_title":"Vereinsgeschichte - Heimatverein Sachsenhagen Auhagen","og_description":"Chronik des Heimatvereins Sachsenhagen-Auhagen 7. 7. 1947 Ein Heimatverein Sachsenhagen wird erstmalig gegr\u00fcndet. Sp\u00e4ter l\u00f6st sich dieser Verein wieder auf. 9. 6. 1976 Der F\u00f6rderkreis zur Schaffung von Sportanlagen an der Mittelpunktschule beschlie\u00dft eine Satzung zur F\u00f6rderung von Sportanlagen und zur Weiterf\u00fchrung der Aufgaben der Initiativgruppe Schule Sachsenhagen. Vorsitzender wird Udo Platz. 31. 3. 1982 [&hellip;]","og_url":"https:\/\/www.heimatverein-sachsenhagen.de\/wordpress\/index.php\/vereinsgeschichte\/","og_site_name":"Heimatverein Sachsenhagen Auhagen","article_modified_time":"2020-04-06T13:19:38+00:00","twitter_card":"summary_large_image","twitter_misc":{"Gesch\u00e4tzte Lesezeit":"1\u00a0Minute"},"schema":{"@context":"https:\/\/schema.org","@graph":[{"@type":"WebPage","@id":"https:\/\/www.heimatverein-sachsenhagen.de\/wordpress\/index.php\/vereinsgeschichte\/","url":"https:\/\/www.heimatverein-sachsenhagen.de\/wordpress\/index.php\/vereinsgeschichte\/","name":"Vereinsgeschichte - Heimatverein Sachsenhagen Auhagen","isPartOf":{"@id":"https:\/\/www.heimatverein-sachsenhagen.de\/wordpress\/#website"},"datePublished":"2019-01-13T17:18:07+00:00","dateModified":"2020-04-06T13:19:38+00:00","breadcrumb":{"@id":"https:\/\/www.heimatverein-sachsenhagen.de\/wordpress\/index.php\/vereinsgeschichte\/#breadcrumb"},"inLanguage":"de","potentialAction":[{"@type":"ReadAction","target":["https:\/\/www.heimatverein-sachsenhagen.de\/wordpress\/index.php\/vereinsgeschichte\/"]}]},{"@type":"BreadcrumbList","@id":"https:\/\/www.heimatverein-sachsenhagen.de\/wordpress\/index.php\/vereinsgeschichte\/#breadcrumb","itemListElement":[{"@type":"ListItem","position":1,"name":"Home","item":"https:\/\/www.heimatverein-sachsenhagen.de\/wordpress\/"},{"@type":"ListItem","position":2,"name":"Vereinsgeschichte"}]},{"@type":"WebSite","@id":"https:\/\/www.heimatverein-sachsenhagen.de\/wordpress\/#website","url":"https:\/\/www.heimatverein-sachsenhagen.de\/wordpress\/","name":"Heimatverein Sachsenhagen Auhagen","description":"Heimat ist Leben","publisher":{"@id":"https:\/\/www.heimatverein-sachsenhagen.de\/wordpress\/#organization"},"potentialAction":[{"@type":"SearchAction","target":{"@type":"EntryPoint","urlTemplate":"https:\/\/www.heimatverein-sachsenhagen.de\/wordpress\/?s={search_term_string}"},"query-input":{"@type":"PropertyValueSpecification","valueRequired":true,"valueName":"search_term_string"}}],"inLanguage":"de"},{"@type":"Organization","@id":"https:\/\/www.heimatverein-sachsenhagen.de\/wordpress\/#organization","name":"Heimatverein Sachsenhagen Auhagen","url":"https:\/\/www.heimatverein-sachsenhagen.de\/wordpress\/","logo":{"@type":"ImageObject","inLanguage":"de","@id":"https:\/\/www.heimatverein-sachsenhagen.de\/wordpress\/#\/schema\/logo\/image\/","url":"https:\/\/www.heimatverein-sachsenhagen.de\/wordpress\/wp-content\/uploads\/2020\/05\/cropped-Logo-neu-Mai-2020.jpg","contentUrl":"https:\/\/www.heimatverein-sachsenhagen.de\/wordpress\/wp-content\/uploads\/2020\/05\/cropped-Logo-neu-Mai-2020.jpg","width":1280,"height":363,"caption":"Heimatverein Sachsenhagen Auhagen"},"image":{"@id":"https:\/\/www.heimatverein-sachsenhagen.de\/wordpress\/#\/schema\/logo\/image\/"}}]}},"jetpack_sharing_enabled":true,"jetpack-related-posts":[{"id":1534,"url":"https:\/\/www.heimatverein-sachsenhagen.de\/wordpress\/index.php\/schuetzenhaus\/","url_meta":{"origin":46,"position":0},"title":"Sch\u00fctzenhaus","author":"theo","date":"2020-05-15","format":false,"excerpt":"Ein Haus auf Reisen Sch\u00fctzenhaus Sachsenhagen, Chronik eines Hauses Abb. 1 Standorte des Sch\u00fctzenhauses. Das Sch\u00fctzenhaus wurde insgesamt 4-mal umgesetzt und hat 1954 auf der Wietersheimstr. 3 vor dem Sch\u00fctzenhaus den endg\u00fcltigen Platz gefunden. 1935 Auf Anregung des Sportvereins wird eine KK (KleinKalieber) Schie\u00dfabteilung gegr\u00fcndet. Die Gr\u00fcndungsversammlung mit 13 Mitgliedern\u2026","rel":"","context":"\u00c4hnlicher Beitrag","block_context":{"text":"\u00c4hnlicher Beitrag","link":""},"img":{"alt_text":"","src":"https:\/\/i0.wp.com\/www.heimatverein-sachsenhagen.de\/wordpress\/wp-content\/uploads\/2020\/05\/Standorte.jpg?resize=350%2C200&ssl=1","width":350,"height":200,"srcset":"https:\/\/i0.wp.com\/www.heimatverein-sachsenhagen.de\/wordpress\/wp-content\/uploads\/2020\/05\/Standorte.jpg?resize=350%2C200&ssl=1 1x, https:\/\/i0.wp.com\/www.heimatverein-sachsenhagen.de\/wordpress\/wp-content\/uploads\/2020\/05\/Standorte.jpg?resize=525%2C300&ssl=1 1.5x"},"classes":[]},{"id":44,"url":"https:\/\/www.heimatverein-sachsenhagen.de\/wordpress\/index.php\/satzung\/","url_meta":{"origin":46,"position":1},"title":"Satzung","author":"theo","date":"2019-01-13","format":false,"excerpt":"Hier klicken und Satzung als .pdf herunterladen \u00a0(die nach \u00a7 60 der Abgabenordnung des Steuerrechts gesetzlich erforderlichen Festlegungen sind kursiv gedruckt) 1 Name, Sitz, Gesch\u00e4ftsjahr Nr. 1 Der Verein f\u00fchrt den Namen \" Heimatverein Sachsenhagen \u2013 Auhagen e.V. \". Er ist in das Vereinsregister beim Amtsgericht Stadthagen unter der Nr.\u2026","rel":"","context":"\u00c4hnlicher Beitrag","block_context":{"text":"\u00c4hnlicher Beitrag","link":""},"img":{"alt_text":"","src":"","width":0,"height":0},"classes":[]},{"id":67,"url":"https:\/\/www.heimatverein-sachsenhagen.de\/wordpress\/index.php\/literatur\/","url_meta":{"origin":46,"position":2},"title":"Literatur","author":"theo","date":"2019-01-13","format":false,"excerpt":"Literatur des Heimatverein Sachsenhagen-Auhagen Der Heimatverein hat in seinem Archiv eine umfangreiche Sammlung zur Literatur \u00fcber den Landkreis, der Samtgemeinde und der Gemeinden Sachsenhagen und Auhagen. Wir haben Ihnen eine kleine Auswahl zum Herunterladen zusammengestellt. Der Umfang wird laufend erg\u00e4nzt. Falls auch Sie alte Unterlagen, Urkunden und B\u00fccher heimatkundlichen oder\u2026","rel":"","context":"\u00c4hnlicher Beitrag","block_context":{"text":"\u00c4hnlicher Beitrag","link":""},"img":{"alt_text":"","src":"","width":0,"height":0},"classes":[]},{"id":50,"url":"https:\/\/www.heimatverein-sachsenhagen.de\/wordpress\/index.php\/lager-archiv\/","url_meta":{"origin":46,"position":3},"title":"Lager\/Archiv","author":"theo","date":"2019-01-13","format":false,"excerpt":"Das Lager Archiv des Heimatvereines Sachsenhagen-Auhagen e.V. Das Lager Archiv befindet sich im Obergescho\u00df des Ratskellers. Dort sind viele interessante Gegenst\u00e4nde und Dokumente gelagert. Eine kleine Bibliothek mit B\u00fcchern, Fotos und Urkunden zur Geschichte erg\u00e4nzt die Sammlung. Diese Sammlung wird einmal die Basis f\u00fcr ein heimatkundliches Museum in Sachsenhagen. Viele\u2026","rel":"","context":"\u00c4hnlicher Beitrag","block_context":{"text":"\u00c4hnlicher Beitrag","link":""},"img":{"alt_text":"","src":"https:\/\/i0.wp.com\/www.heimatverein-sachsenhagen.de\/wordpress\/wp-content\/uploads\/2020\/04\/Ratskeller-Sachsenhagen-k-1024x683.jpg?resize=350%2C200&ssl=1","width":350,"height":200,"srcset":"https:\/\/i0.wp.com\/www.heimatverein-sachsenhagen.de\/wordpress\/wp-content\/uploads\/2020\/04\/Ratskeller-Sachsenhagen-k-1024x683.jpg?resize=350%2C200&ssl=1 1x, https:\/\/i0.wp.com\/www.heimatverein-sachsenhagen.de\/wordpress\/wp-content\/uploads\/2020\/04\/Ratskeller-Sachsenhagen-k-1024x683.jpg?resize=525%2C300&ssl=1 1.5x, https:\/\/i0.wp.com\/www.heimatverein-sachsenhagen.de\/wordpress\/wp-content\/uploads\/2020\/04\/Ratskeller-Sachsenhagen-k-1024x683.jpg?resize=700%2C400&ssl=1 2x"},"classes":[]},{"id":16,"url":"https:\/\/www.heimatverein-sachsenhagen.de\/wordpress\/","url_meta":{"origin":46,"position":4},"title":"Start","author":"theo","date":"2019-01-13","format":false,"excerpt":"Markt Sachsenhagen Schlo\u00dfwiese, links Zeughaus, mitte Schlossturm, rechts Amthaus Der Heimatverein Sachsenhagen-Auhagen Seit 1982 besteht der\u00a0 Heimatverein Sachsenhagen-Auhagen. Die Zielsetzungen des Vereines sind Kultur- und Denkmalpflege, Interesse wecken f\u00fcr die Heimat- und Altertumskunde, Pflege des heimatlichen Brauchtums, Aufarbeitung der Ortsgeschichte, Umwelt-, Landschafts- und Denkmalschutz und die Mitwirkung an der Stadtentwicklung.\u2026","rel":"","context":"\u00c4hnlicher Beitrag","block_context":{"text":"\u00c4hnlicher Beitrag","link":""},"img":{"alt_text":"","src":"https:\/\/i0.wp.com\/www.heimatverein-sachsenhagen.de\/wordpress\/wp-content\/uploads\/2019\/01\/Ortsblick_auf_den_Marktplatz_in_Sachsenhagen_IMG_5353WIKI-1024x682.jpg?resize=350%2C200&ssl=1","width":350,"height":200,"srcset":"https:\/\/i0.wp.com\/www.heimatverein-sachsenhagen.de\/wordpress\/wp-content\/uploads\/2019\/01\/Ortsblick_auf_den_Marktplatz_in_Sachsenhagen_IMG_5353WIKI-1024x682.jpg?resize=350%2C200&ssl=1 1x, https:\/\/i0.wp.com\/www.heimatverein-sachsenhagen.de\/wordpress\/wp-content\/uploads\/2019\/01\/Ortsblick_auf_den_Marktplatz_in_Sachsenhagen_IMG_5353WIKI-1024x682.jpg?resize=525%2C300&ssl=1 1.5x, https:\/\/i0.wp.com\/www.heimatverein-sachsenhagen.de\/wordpress\/wp-content\/uploads\/2019\/01\/Ortsblick_auf_den_Marktplatz_in_Sachsenhagen_IMG_5353WIKI-1024x682.jpg?resize=700%2C400&ssl=1 2x"},"classes":[]},{"id":58,"url":"https:\/\/www.heimatverein-sachsenhagen.de\/wordpress\/index.php\/geschlechterbuch\/","url_meta":{"origin":46,"position":5},"title":"Geschlechterbuch","author":"theo","date":"2019-01-13","format":false,"excerpt":"\"Geschlechterbuch der Stadt Sachsenhagen\" Band I und II, Private handschriftliche Aufzeichnungen. Erstellt etwa von 1950 bis 1958 von Albert St\u00fcnkel, Kaufmann, wohnhaft Markt 10, aus Quellen des Stadt- und Kirchenarchives.\u00a0 Fertiggestellt im Okt. 1958. \u00c4lteste Familiendaten etwa ab 1650 bis etwa 1950. Band 1 hat 205 und Band 2\u00a0 200\u2026","rel":"","context":"\u00c4hnlicher Beitrag","block_context":{"text":"\u00c4hnlicher Beitrag","link":""},"img":{"alt_text":"","src":"https:\/\/i0.wp.com\/www.heimatverein-sachsenhagen.de\/wordpress\/wp-content\/uploads\/2020\/04\/Geschlechterbuch-Inhaltsverz-Buchst-A-768x576.jpg?resize=350%2C200&ssl=1","width":350,"height":200,"srcset":"https:\/\/i0.wp.com\/www.heimatverein-sachsenhagen.de\/wordpress\/wp-content\/uploads\/2020\/04\/Geschlechterbuch-Inhaltsverz-Buchst-A-768x576.jpg?resize=350%2C200&ssl=1 1x, https:\/\/i0.wp.com\/www.heimatverein-sachsenhagen.de\/wordpress\/wp-content\/uploads\/2020\/04\/Geschlechterbuch-Inhaltsverz-Buchst-A-768x576.jpg?resize=525%2C300&ssl=1 1.5x, https:\/\/i0.wp.com\/www.heimatverein-sachsenhagen.de\/wordpress\/wp-content\/uploads\/2020\/04\/Geschlechterbuch-Inhaltsverz-Buchst-A-768x576.jpg?resize=700%2C400&ssl=1 2x"},"classes":[]}],"_links":{"self":[{"href":"https:\/\/www.heimatverein-sachsenhagen.de\/wordpress\/index.php\/wp-json\/wp\/v2\/pages\/46","targetHints":{"allow":["GET"]}}],"collection":[{"href":"https:\/\/www.heimatverein-sachsenhagen.de\/wordpress\/index.php\/wp-json\/wp\/v2\/pages"}],"about":[{"href":"https:\/\/www.heimatverein-sachsenhagen.de\/wordpress\/index.php\/wp-json\/wp\/v2\/types\/page"}],"author":[{"embeddable":true,"href":"https:\/\/www.heimatverein-sachsenhagen.de\/wordpress\/index.php\/wp-json\/wp\/v2\/users\/1"}],"replies":[{"embeddable":true,"href":"https:\/\/www.heimatverein-sachsenhagen.de\/wordpress\/index.php\/wp-json\/wp\/v2\/comments?post=46"}],"version-history":[{"count":8,"href":"https:\/\/www.heimatverein-sachsenhagen.de\/wordpress\/index.php\/wp-json\/wp\/v2\/pages\/46\/revisions"}],"predecessor-version":[{"id":357,"href":"https:\/\/www.heimatverein-sachsenhagen.de\/wordpress\/index.php\/wp-json\/wp\/v2\/pages\/46\/revisions\/357"}],"wp:attachment":[{"href":"https:\/\/www.heimatverein-sachsenhagen.de\/wordpress\/index.php\/wp-json\/wp\/v2\/media?parent=46"}],"curies":[{"name":"wp","href":"https:\/\/api.w.org\/{rel}","templated":true}]}}