{"id":38,"date":"2019-01-13T18:16:20","date_gmt":"2019-01-13T17:16:20","guid":{"rendered":"https:\/\/www.heimatverein-sachsenhagen.de\/wordpress\/?page_id=38"},"modified":"2020-03-27T16:23:16","modified_gmt":"2020-03-27T15:23:16","slug":"der-verein","status":"publish","type":"page","link":"https:\/\/www.heimatverein-sachsenhagen.de\/wordpress\/index.php\/der-verein\/","title":{"rendered":"Der Verein"},"content":{"rendered":"","protected":false},"excerpt":{"rendered":"","protected":false},"author":1,"featured_media":0,"parent":0,"menu_order":0,"comment_status":"closed","ping_status":"closed","template":"","meta":{"ocean_post_layout":"","ocean_both_sidebars_style":"","ocean_both_sidebars_content_width":0,"ocean_both_sidebars_sidebars_width":0,"ocean_sidebar":"0","ocean_second_sidebar":"0","ocean_disable_margins":"enable","ocean_add_body_class":"","ocean_shortcode_before_top_bar":"","ocean_shortcode_after_top_bar":"","ocean_shortcode_before_header":"","ocean_shortcode_after_header":"","ocean_has_shortcode":"","ocean_shortcode_after_title":"","ocean_shortcode_before_footer_widgets":"","ocean_shortcode_after_footer_widgets":"","ocean_shortcode_before_footer_bottom":"","ocean_shortcode_after_footer_bottom":"","ocean_display_top_bar":"default","ocean_display_header":"default","ocean_header_style":"","ocean_center_header_left_menu":"0","ocean_custom_header_template":"0","ocean_custom_logo":0,"ocean_custom_retina_logo":0,"ocean_custom_logo_max_width":0,"ocean_custom_logo_tablet_max_width":0,"ocean_custom_logo_mobile_max_width":0,"ocean_custom_logo_max_height":0,"ocean_custom_logo_tablet_max_height":0,"ocean_custom_logo_mobile_max_height":0,"ocean_header_custom_menu":"0","ocean_menu_typo_font_family":"0","ocean_menu_typo_font_subset":"","ocean_menu_typo_font_size":0,"ocean_menu_typo_font_size_tablet":0,"ocean_menu_typo_font_size_mobile":0,"ocean_menu_typo_font_size_unit":"px","ocean_menu_typo_font_weight":"","ocean_menu_typo_font_weight_tablet":"","ocean_menu_typo_font_weight_mobile":"","ocean_menu_typo_transform":"","ocean_menu_typo_transform_tablet":"","ocean_menu_typo_transform_mobile":"","ocean_menu_typo_line_height":0,"ocean_menu_typo_line_height_tablet":0,"ocean_menu_typo_line_height_mobile":0,"ocean_menu_typo_line_height_unit":"","ocean_menu_typo_spacing":0,"ocean_menu_typo_spacing_tablet":0,"ocean_menu_typo_spacing_mobile":0,"ocean_menu_typo_spacing_unit":"","ocean_menu_link_color":"","ocean_menu_link_color_hover":"","ocean_menu_link_color_active":"","ocean_menu_link_background":"","ocean_menu_link_hover_background":"","ocean_menu_link_active_background":"","ocean_menu_social_links_bg":"","ocean_menu_social_hover_links_bg":"","ocean_menu_social_links_color":"","ocean_menu_social_hover_links_color":"","ocean_disable_title":"default","ocean_disable_heading":"default","ocean_post_title":"","ocean_post_subheading":"","ocean_post_title_style":"","ocean_post_title_background_color":"","ocean_post_title_background":0,"ocean_post_title_bg_image_position":"","ocean_post_title_bg_image_attachment":"","ocean_post_title_bg_image_repeat":"","ocean_post_title_bg_image_size":"","ocean_post_title_height":0,"ocean_post_title_bg_overlay":0.5,"ocean_post_title_bg_overlay_color":"","ocean_disable_breadcrumbs":"default","ocean_breadcrumbs_color":"","ocean_breadcrumbs_separator_color":"","ocean_breadcrumbs_links_color":"","ocean_breadcrumbs_links_hover_color":"","ocean_display_footer_widgets":"default","ocean_display_footer_bottom":"default","ocean_custom_footer_template":"0","footnotes":""},"class_list":["post-38","page","type-page","status-publish","hentry","entry"],"yoast_head":"<!-- This site is optimized with the Yoast SEO plugin v27.5 - https:\/\/yoast.com\/product\/yoast-seo-wordpress\/ -->\n<title>Der Verein - Heimatverein Sachsenhagen Auhagen<\/title>\n<meta name=\"robots\" content=\"index, follow, max-snippet:-1, max-image-preview:large, max-video-preview:-1\" \/>\n<link rel=\"canonical\" href=\"https:\/\/www.heimatverein-sachsenhagen.de\/wordpress\/index.php\/der-verein\/\" \/>\n<meta property=\"og:locale\" content=\"de_DE\" \/>\n<meta property=\"og:type\" content=\"article\" \/>\n<meta property=\"og:title\" content=\"Der Verein - Heimatverein Sachsenhagen Auhagen\" \/>\n<meta property=\"og:url\" content=\"https:\/\/www.heimatverein-sachsenhagen.de\/wordpress\/index.php\/der-verein\/\" \/>\n<meta property=\"og:site_name\" content=\"Heimatverein Sachsenhagen Auhagen\" \/>\n<meta property=\"article:modified_time\" content=\"2020-03-27T15:23:16+00:00\" \/>\n<meta name=\"twitter:card\" content=\"summary_large_image\" \/>\n<script type=\"application\/ld+json\" class=\"yoast-schema-graph\">{\"@context\":\"https:\\\/\\\/schema.org\",\"@graph\":[{\"@type\":\"WebPage\",\"@id\":\"https:\\\/\\\/www.heimatverein-sachsenhagen.de\\\/wordpress\\\/index.php\\\/der-verein\\\/\",\"url\":\"https:\\\/\\\/www.heimatverein-sachsenhagen.de\\\/wordpress\\\/index.php\\\/der-verein\\\/\",\"name\":\"Der Verein - Heimatverein Sachsenhagen Auhagen\",\"isPartOf\":{\"@id\":\"https:\\\/\\\/www.heimatverein-sachsenhagen.de\\\/wordpress\\\/#website\"},\"datePublished\":\"2019-01-13T17:16:20+00:00\",\"dateModified\":\"2020-03-27T15:23:16+00:00\",\"breadcrumb\":{\"@id\":\"https:\\\/\\\/www.heimatverein-sachsenhagen.de\\\/wordpress\\\/index.php\\\/der-verein\\\/#breadcrumb\"},\"inLanguage\":\"de\",\"potentialAction\":[{\"@type\":\"ReadAction\",\"target\":[\"https:\\\/\\\/www.heimatverein-sachsenhagen.de\\\/wordpress\\\/index.php\\\/der-verein\\\/\"]}]},{\"@type\":\"BreadcrumbList\",\"@id\":\"https:\\\/\\\/www.heimatverein-sachsenhagen.de\\\/wordpress\\\/index.php\\\/der-verein\\\/#breadcrumb\",\"itemListElement\":[{\"@type\":\"ListItem\",\"position\":1,\"name\":\"Home\",\"item\":\"https:\\\/\\\/www.heimatverein-sachsenhagen.de\\\/wordpress\\\/\"},{\"@type\":\"ListItem\",\"position\":2,\"name\":\"Der Verein\"}]},{\"@type\":\"WebSite\",\"@id\":\"https:\\\/\\\/www.heimatverein-sachsenhagen.de\\\/wordpress\\\/#website\",\"url\":\"https:\\\/\\\/www.heimatverein-sachsenhagen.de\\\/wordpress\\\/\",\"name\":\"Heimatverein Sachsenhagen Auhagen\",\"description\":\"Heimat ist Leben\",\"publisher\":{\"@id\":\"https:\\\/\\\/www.heimatverein-sachsenhagen.de\\\/wordpress\\\/#organization\"},\"potentialAction\":[{\"@type\":\"SearchAction\",\"target\":{\"@type\":\"EntryPoint\",\"urlTemplate\":\"https:\\\/\\\/www.heimatverein-sachsenhagen.de\\\/wordpress\\\/?s={search_term_string}\"},\"query-input\":{\"@type\":\"PropertyValueSpecification\",\"valueRequired\":true,\"valueName\":\"search_term_string\"}}],\"inLanguage\":\"de\"},{\"@type\":\"Organization\",\"@id\":\"https:\\\/\\\/www.heimatverein-sachsenhagen.de\\\/wordpress\\\/#organization\",\"name\":\"Heimatverein Sachsenhagen Auhagen\",\"url\":\"https:\\\/\\\/www.heimatverein-sachsenhagen.de\\\/wordpress\\\/\",\"logo\":{\"@type\":\"ImageObject\",\"inLanguage\":\"de\",\"@id\":\"https:\\\/\\\/www.heimatverein-sachsenhagen.de\\\/wordpress\\\/#\\\/schema\\\/logo\\\/image\\\/\",\"url\":\"https:\\\/\\\/www.heimatverein-sachsenhagen.de\\\/wordpress\\\/wp-content\\\/uploads\\\/2020\\\/05\\\/cropped-Logo-neu-Mai-2020.jpg\",\"contentUrl\":\"https:\\\/\\\/www.heimatverein-sachsenhagen.de\\\/wordpress\\\/wp-content\\\/uploads\\\/2020\\\/05\\\/cropped-Logo-neu-Mai-2020.jpg\",\"width\":1280,\"height\":363,\"caption\":\"Heimatverein Sachsenhagen Auhagen\"},\"image\":{\"@id\":\"https:\\\/\\\/www.heimatverein-sachsenhagen.de\\\/wordpress\\\/#\\\/schema\\\/logo\\\/image\\\/\"}}]}<\/script>\n<!-- \/ Yoast SEO plugin. -->","yoast_head_json":{"title":"Der Verein - Heimatverein Sachsenhagen Auhagen","robots":{"index":"index","follow":"follow","max-snippet":"max-snippet:-1","max-image-preview":"max-image-preview:large","max-video-preview":"max-video-preview:-1"},"canonical":"https:\/\/www.heimatverein-sachsenhagen.de\/wordpress\/index.php\/der-verein\/","og_locale":"de_DE","og_type":"article","og_title":"Der Verein - Heimatverein Sachsenhagen Auhagen","og_url":"https:\/\/www.heimatverein-sachsenhagen.de\/wordpress\/index.php\/der-verein\/","og_site_name":"Heimatverein Sachsenhagen Auhagen","article_modified_time":"2020-03-27T15:23:16+00:00","twitter_card":"summary_large_image","schema":{"@context":"https:\/\/schema.org","@graph":[{"@type":"WebPage","@id":"https:\/\/www.heimatverein-sachsenhagen.de\/wordpress\/index.php\/der-verein\/","url":"https:\/\/www.heimatverein-sachsenhagen.de\/wordpress\/index.php\/der-verein\/","name":"Der Verein - Heimatverein Sachsenhagen Auhagen","isPartOf":{"@id":"https:\/\/www.heimatverein-sachsenhagen.de\/wordpress\/#website"},"datePublished":"2019-01-13T17:16:20+00:00","dateModified":"2020-03-27T15:23:16+00:00","breadcrumb":{"@id":"https:\/\/www.heimatverein-sachsenhagen.de\/wordpress\/index.php\/der-verein\/#breadcrumb"},"inLanguage":"de","potentialAction":[{"@type":"ReadAction","target":["https:\/\/www.heimatverein-sachsenhagen.de\/wordpress\/index.php\/der-verein\/"]}]},{"@type":"BreadcrumbList","@id":"https:\/\/www.heimatverein-sachsenhagen.de\/wordpress\/index.php\/der-verein\/#breadcrumb","itemListElement":[{"@type":"ListItem","position":1,"name":"Home","item":"https:\/\/www.heimatverein-sachsenhagen.de\/wordpress\/"},{"@type":"ListItem","position":2,"name":"Der Verein"}]},{"@type":"WebSite","@id":"https:\/\/www.heimatverein-sachsenhagen.de\/wordpress\/#website","url":"https:\/\/www.heimatverein-sachsenhagen.de\/wordpress\/","name":"Heimatverein Sachsenhagen Auhagen","description":"Heimat ist Leben","publisher":{"@id":"https:\/\/www.heimatverein-sachsenhagen.de\/wordpress\/#organization"},"potentialAction":[{"@type":"SearchAction","target":{"@type":"EntryPoint","urlTemplate":"https:\/\/www.heimatverein-sachsenhagen.de\/wordpress\/?s={search_term_string}"},"query-input":{"@type":"PropertyValueSpecification","valueRequired":true,"valueName":"search_term_string"}}],"inLanguage":"de"},{"@type":"Organization","@id":"https:\/\/www.heimatverein-sachsenhagen.de\/wordpress\/#organization","name":"Heimatverein Sachsenhagen Auhagen","url":"https:\/\/www.heimatverein-sachsenhagen.de\/wordpress\/","logo":{"@type":"ImageObject","inLanguage":"de","@id":"https:\/\/www.heimatverein-sachsenhagen.de\/wordpress\/#\/schema\/logo\/image\/","url":"https:\/\/www.heimatverein-sachsenhagen.de\/wordpress\/wp-content\/uploads\/2020\/05\/cropped-Logo-neu-Mai-2020.jpg","contentUrl":"https:\/\/www.heimatverein-sachsenhagen.de\/wordpress\/wp-content\/uploads\/2020\/05\/cropped-Logo-neu-Mai-2020.jpg","width":1280,"height":363,"caption":"Heimatverein Sachsenhagen Auhagen"},"image":{"@id":"https:\/\/www.heimatverein-sachsenhagen.de\/wordpress\/#\/schema\/logo\/image\/"}}]}},"jetpack_sharing_enabled":true,"jetpack-related-posts":[{"id":46,"url":"https:\/\/www.heimatverein-sachsenhagen.de\/wordpress\/index.php\/vereinsgeschichte\/","url_meta":{"origin":38,"position":0},"title":"Vereinsgeschichte","author":"theo","date":"2019-01-13","format":false,"excerpt":"Chronik des Heimatvereins Sachsenhagen-Auhagen7. 7. 1947 Ein Heimatverein Sachsenhagen wird erstmalig gegr\u00fcndet. Sp\u00e4ter l\u00f6st sich dieser Verein wieder auf.9. 6. 1976 Der F\u00f6rderkreis zur Schaffung von Sportanlagen an der Mittelpunktschule beschlie\u00dft eine Satzung zur F\u00f6rderung von Sportanlagen und zur Weiterf\u00fchrung der Aufgaben der Initiativgruppe Schule Sachsenhagen. Vorsitzender wird Udo Platz.31.\u2026","rel":"","context":"\u00c4hnlicher Beitrag","block_context":{"text":"\u00c4hnlicher Beitrag","link":""},"img":{"alt_text":"","src":"","width":0,"height":0},"classes":[]},{"id":44,"url":"https:\/\/www.heimatverein-sachsenhagen.de\/wordpress\/index.php\/satzung\/","url_meta":{"origin":38,"position":1},"title":"Satzung","author":"theo","date":"2019-01-13","format":false,"excerpt":"Hier klicken und Satzung als .pdf herunterladen \u00a0(die nach \u00a7 60 der Abgabenordnung des Steuerrechts gesetzlich erforderlichen Festlegungen sind kursiv gedruckt) 1 Name, Sitz, Gesch\u00e4ftsjahr Nr. 1 Der Verein f\u00fchrt den Namen \" Heimatverein Sachsenhagen \u2013 Auhagen e.V. \". Er ist in das Vereinsregister beim Amtsgericht Stadthagen unter der Nr.\u2026","rel":"","context":"\u00c4hnlicher Beitrag","block_context":{"text":"\u00c4hnlicher Beitrag","link":""},"img":{"alt_text":"","src":"","width":0,"height":0},"classes":[]},{"id":1502,"url":"https:\/\/www.heimatverein-sachsenhagen.de\/wordpress\/index.php\/wildtierstation\/","url_meta":{"origin":38,"position":2},"title":"Wildtierstation","author":"theo","date":"2020-05-14","format":false,"excerpt":"Geschichte der Wildtier- und Artenschutzstation Sachsenhagen Einf\u00fchrung und Kurzfassung: Die Wildtier- und Artenschutzstation Sachsenhagen ist weithin bekannt und ein \u201eAush\u00e4ngeschild\u201c f\u00fcr Sachsenhagen. Dies veranlasste den Heimatverein, sich einmal mit der Entstehung und der Geschichte dieser Station zu befassen. Rund zwei Kilometer westlich der Stadt liegt der 19,3 ha gro\u00dfe Stadtwald,\u2026","rel":"","context":"\u00c4hnlicher Beitrag","block_context":{"text":"\u00c4hnlicher Beitrag","link":""},"img":{"alt_text":"","src":"https:\/\/i0.wp.com\/www.heimatverein-sachsenhagen.de\/wordpress\/wp-content\/uploads\/2020\/05\/Schulungsraum-Er%C3%B6ffnung.jpg?resize=350%2C200&ssl=1","width":350,"height":200,"srcset":"https:\/\/i0.wp.com\/www.heimatverein-sachsenhagen.de\/wordpress\/wp-content\/uploads\/2020\/05\/Schulungsraum-Er%C3%B6ffnung.jpg?resize=350%2C200&ssl=1 1x, https:\/\/i0.wp.com\/www.heimatverein-sachsenhagen.de\/wordpress\/wp-content\/uploads\/2020\/05\/Schulungsraum-Er%C3%B6ffnung.jpg?resize=525%2C300&ssl=1 1.5x, https:\/\/i0.wp.com\/www.heimatverein-sachsenhagen.de\/wordpress\/wp-content\/uploads\/2020\/05\/Schulungsraum-Er%C3%B6ffnung.jpg?resize=700%2C400&ssl=1 2x"},"classes":[]},{"id":16,"url":"https:\/\/www.heimatverein-sachsenhagen.de\/wordpress\/","url_meta":{"origin":38,"position":3},"title":"Start","author":"theo","date":"2019-01-13","format":false,"excerpt":"Markt Sachsenhagen Schlo\u00dfwiese, links Zeughaus, mitte Schlossturm, rechts Amthaus Der Heimatverein Sachsenhagen-Auhagen Seit 1982 besteht der\u00a0 Heimatverein Sachsenhagen-Auhagen. Die Zielsetzungen des Vereines sind Kultur- und Denkmalpflege, Interesse wecken f\u00fcr die Heimat- und Altertumskunde, Pflege des heimatlichen Brauchtums, Aufarbeitung der Ortsgeschichte, Umwelt-, Landschafts- und Denkmalschutz und die Mitwirkung an der Stadtentwicklung.\u2026","rel":"","context":"\u00c4hnlicher Beitrag","block_context":{"text":"\u00c4hnlicher Beitrag","link":""},"img":{"alt_text":"","src":"https:\/\/i0.wp.com\/www.heimatverein-sachsenhagen.de\/wordpress\/wp-content\/uploads\/2019\/01\/Ortsblick_auf_den_Marktplatz_in_Sachsenhagen_IMG_5353WIKI-1024x682.jpg?resize=350%2C200&ssl=1","width":350,"height":200,"srcset":"https:\/\/i0.wp.com\/www.heimatverein-sachsenhagen.de\/wordpress\/wp-content\/uploads\/2019\/01\/Ortsblick_auf_den_Marktplatz_in_Sachsenhagen_IMG_5353WIKI-1024x682.jpg?resize=350%2C200&ssl=1 1x, https:\/\/i0.wp.com\/www.heimatverein-sachsenhagen.de\/wordpress\/wp-content\/uploads\/2019\/01\/Ortsblick_auf_den_Marktplatz_in_Sachsenhagen_IMG_5353WIKI-1024x682.jpg?resize=525%2C300&ssl=1 1.5x, https:\/\/i0.wp.com\/www.heimatverein-sachsenhagen.de\/wordpress\/wp-content\/uploads\/2019\/01\/Ortsblick_auf_den_Marktplatz_in_Sachsenhagen_IMG_5353WIKI-1024x682.jpg?resize=700%2C400&ssl=1 2x"},"classes":[]},{"id":54,"url":"https:\/\/www.heimatverein-sachsenhagen.de\/wordpress\/index.php\/sachsenhagen\/","url_meta":{"origin":38,"position":4},"title":"Sachsenhagen","author":"theo","date":"2019-01-13","format":false,"excerpt":"KurzportraitStadt Sachsenhagen, ca 2.000 Einwohner (Zweitkleinste Stadt Niedersachsens nach Einwohnern, (www.citypopulation.de\/php\/germany-niedersachsen_d.php), 15,5 qkm, zugeh\u00f6rig zur Samtgemeinde Sachsenhagen, nord\u00f6stlicher Teil des Landkreises Schaumburg in Niedersachsen. Stadtteil ist Nienbr\u00fcgge.Geografie: 40 km westlich Hannover, 4 km s\u00fcdlich des Steinhuder Meeres. 1 km n\u00f6rdlich des Mittellandkanals, Zusammenfluss von (Reeke, Holpe, H\u00fclse)\/Sachsenh\u00e4ger Aue, Faule Riehe\u2026","rel":"","context":"\u00c4hnlicher Beitrag","block_context":{"text":"\u00c4hnlicher Beitrag","link":""},"img":{"alt_text":"","src":"https:\/\/i0.wp.com\/www.heimatverein-sachsenhagen.de\/wordpress\/wp-content\/uploads\/2020\/05\/Sachsenh-Entwickl-Portr-1024x576.jpg?resize=350%2C200&ssl=1","width":350,"height":200,"srcset":"https:\/\/i0.wp.com\/www.heimatverein-sachsenhagen.de\/wordpress\/wp-content\/uploads\/2020\/05\/Sachsenh-Entwickl-Portr-1024x576.jpg?resize=350%2C200&ssl=1 1x, https:\/\/i0.wp.com\/www.heimatverein-sachsenhagen.de\/wordpress\/wp-content\/uploads\/2020\/05\/Sachsenh-Entwickl-Portr-1024x576.jpg?resize=525%2C300&ssl=1 1.5x, https:\/\/i0.wp.com\/www.heimatverein-sachsenhagen.de\/wordpress\/wp-content\/uploads\/2020\/05\/Sachsenh-Entwickl-Portr-1024x576.jpg?resize=700%2C400&ssl=1 2x"},"classes":[]},{"id":1646,"url":"https:\/\/www.heimatverein-sachsenhagen.de\/wordpress\/index.php\/verein-konfirmation-hochzeiten-firma\/","url_meta":{"origin":38,"position":5},"title":"Gruppen","author":"theo","date":"2020-05-22","format":false,"excerpt":"Die Fotosammlung des Heimatvereins Mit der Verbreitung der Fotografie ab Mitte des 19. Jahrhunderts wurden auch in Sachsenhagen und Auhagen immer wieder Bilder von Profi- sowie Hobbyfotografen auf Zelluloid bzw. Glasplatte gebannt. So sind im Laufe der Jahre einmalige Zeitzeugnisse entstanden. Die \u00e4ltesten Bilder stammen aus der Zeit um 1850.\u2026","rel":"","context":"\u00c4hnlicher Beitrag","block_context":{"text":"\u00c4hnlicher Beitrag","link":""},"img":{"alt_text":"","src":"https:\/\/i0.wp.com\/www.heimatverein-sachsenhagen.de\/wordpress\/wp-content\/uploads\/2020\/05\/Gruppen-Eingangsbild-294x300.jpg?resize=350%2C200&ssl=1","width":350,"height":200},"classes":[]}],"_links":{"self":[{"href":"https:\/\/www.heimatverein-sachsenhagen.de\/wordpress\/index.php\/wp-json\/wp\/v2\/pages\/38","targetHints":{"allow":["GET"]}}],"collection":[{"href":"https:\/\/www.heimatverein-sachsenhagen.de\/wordpress\/index.php\/wp-json\/wp\/v2\/pages"}],"about":[{"href":"https:\/\/www.heimatverein-sachsenhagen.de\/wordpress\/index.php\/wp-json\/wp\/v2\/types\/page"}],"author":[{"embeddable":true,"href":"https:\/\/www.heimatverein-sachsenhagen.de\/wordpress\/index.php\/wp-json\/wp\/v2\/users\/1"}],"replies":[{"embeddable":true,"href":"https:\/\/www.heimatverein-sachsenhagen.de\/wordpress\/index.php\/wp-json\/wp\/v2\/comments?post=38"}],"version-history":[{"count":1,"href":"https:\/\/www.heimatverein-sachsenhagen.de\/wordpress\/index.php\/wp-json\/wp\/v2\/pages\/38\/revisions"}],"predecessor-version":[{"id":39,"href":"https:\/\/www.heimatverein-sachsenhagen.de\/wordpress\/index.php\/wp-json\/wp\/v2\/pages\/38\/revisions\/39"}],"wp:attachment":[{"href":"https:\/\/www.heimatverein-sachsenhagen.de\/wordpress\/index.php\/wp-json\/wp\/v2\/media?parent=38"}],"curies":[{"name":"wp","href":"https:\/\/api.w.org\/{rel}","templated":true}]}}