{"id":102,"date":"2019-01-13T18:57:07","date_gmt":"2019-01-13T17:57:07","guid":{"rendered":"https:\/\/www.heimatverein-sachsenhagen.de\/wordpress\/?page_id=102"},"modified":"2020-05-07T10:07:20","modified_gmt":"2020-05-07T08:07:20","slug":"auhagen","status":"publish","type":"page","link":"https:\/\/www.heimatverein-sachsenhagen.de\/wordpress\/index.php\/auhagen\/","title":{"rendered":"Auhagen"},"content":{"rendered":"\t\t<div data-elementor-type=\"wp-page\" data-elementor-id=\"102\" class=\"elementor elementor-102\">\n\t\t\t\t\t\t<section class=\"elementor-section elementor-top-section elementor-element elementor-element-c245da0 elementor-section-boxed elementor-section-height-default elementor-section-height-default\" data-id=\"c245da0\" data-element_type=\"section\" data-e-type=\"section\">\n\t\t\t\t\t\t<div class=\"elementor-container elementor-column-gap-default\">\n\t\t\t\t\t<div class=\"elementor-column elementor-col-100 elementor-top-column elementor-element elementor-element-3d40a45\" data-id=\"3d40a45\" data-element_type=\"column\" data-e-type=\"column\">\n\t\t\t<div class=\"elementor-widget-wrap elementor-element-populated\">\n\t\t\t\t\t\t<div class=\"elementor-element elementor-element-73e4f90 elementor-widget elementor-widget-text-editor\" data-id=\"73e4f90\" data-element_type=\"widget\" data-e-type=\"widget\" data-widget_type=\"text-editor.default\">\n\t\t\t\t<div class=\"elementor-widget-container\">\n\t\t\t\t\t\t\t\t\t<p>Wir arbeiten an dieser Seite, bitte haben Sie noch etwas Geduld<\/p>\t\t\t\t\t\t\t\t<\/div>\n\t\t\t\t<\/div>\n\t\t\t\t\t<\/div>\n\t\t<\/div>\n\t\t\t\t\t<\/div>\n\t\t<\/section>\n\t\t\t\t<\/div>\n\t\t","protected":false},"excerpt":{"rendered":"<p>Wir arbeiten an dieser Seite, bitte haben Sie noch etwas Geduld<\/p>\n","protected":false},"author":1,"featured_media":0,"parent":0,"menu_order":0,"comment_status":"closed","ping_status":"closed","template":"","meta":{"ocean_post_layout":"full-screen","ocean_both_sidebars_style":"","ocean_both_sidebars_content_width":0,"ocean_both_sidebars_sidebars_width":0,"ocean_sidebar":"0","ocean_second_sidebar":"0","ocean_disable_margins":"enable","ocean_add_body_class":"","ocean_shortcode_before_top_bar":"","ocean_shortcode_after_top_bar":"","ocean_shortcode_before_header":"","ocean_shortcode_after_header":"","ocean_has_shortcode":"","ocean_shortcode_after_title":"","ocean_shortcode_before_footer_widgets":"","ocean_shortcode_after_footer_widgets":"","ocean_shortcode_before_footer_bottom":"","ocean_shortcode_after_footer_bottom":"","ocean_display_top_bar":"default","ocean_display_header":"default","ocean_header_style":"","ocean_center_header_left_menu":"0","ocean_custom_header_template":"0","ocean_custom_logo":0,"ocean_custom_retina_logo":0,"ocean_custom_logo_max_width":0,"ocean_custom_logo_tablet_max_width":0,"ocean_custom_logo_mobile_max_width":0,"ocean_custom_logo_max_height":0,"ocean_custom_logo_tablet_max_height":0,"ocean_custom_logo_mobile_max_height":0,"ocean_header_custom_menu":"0","ocean_menu_typo_font_family":"0","ocean_menu_typo_font_subset":"","ocean_menu_typo_font_size":0,"ocean_menu_typo_font_size_tablet":0,"ocean_menu_typo_font_size_mobile":0,"ocean_menu_typo_font_size_unit":"px","ocean_menu_typo_font_weight":"","ocean_menu_typo_font_weight_tablet":"","ocean_menu_typo_font_weight_mobile":"","ocean_menu_typo_transform":"","ocean_menu_typo_transform_tablet":"","ocean_menu_typo_transform_mobile":"","ocean_menu_typo_line_height":0,"ocean_menu_typo_line_height_tablet":0,"ocean_menu_typo_line_height_mobile":0,"ocean_menu_typo_line_height_unit":"","ocean_menu_typo_spacing":0,"ocean_menu_typo_spacing_tablet":0,"ocean_menu_typo_spacing_mobile":0,"ocean_menu_typo_spacing_unit":"","ocean_menu_link_color":"","ocean_menu_link_color_hover":"","ocean_menu_link_color_active":"","ocean_menu_link_background":"","ocean_menu_link_hover_background":"","ocean_menu_link_active_background":"","ocean_menu_social_links_bg":"","ocean_menu_social_hover_links_bg":"","ocean_menu_social_links_color":"","ocean_menu_social_hover_links_color":"","ocean_disable_title":"default","ocean_disable_heading":"default","ocean_post_title":"","ocean_post_subheading":"","ocean_post_title_style":"","ocean_post_title_background_color":"","ocean_post_title_background":0,"ocean_post_title_bg_image_position":"","ocean_post_title_bg_image_attachment":"","ocean_post_title_bg_image_repeat":"","ocean_post_title_bg_image_size":"","ocean_post_title_height":0,"ocean_post_title_bg_overlay":0.5,"ocean_post_title_bg_overlay_color":"","ocean_disable_breadcrumbs":"default","ocean_breadcrumbs_color":"","ocean_breadcrumbs_separator_color":"","ocean_breadcrumbs_links_color":"","ocean_breadcrumbs_links_hover_color":"","ocean_display_footer_widgets":"default","ocean_display_footer_bottom":"default","ocean_custom_footer_template":"0","jetpack_post_was_ever_published":false,"footnotes":""},"class_list":["post-102","page","type-page","status-publish","hentry","entry"],"yoast_head":"<!-- This site is optimized with the Yoast SEO plugin v27.5 - https:\/\/yoast.com\/product\/yoast-seo-wordpress\/ -->\n<title>Auhagen - Heimatverein Sachsenhagen Auhagen<\/title>\n<meta name=\"robots\" content=\"index, follow, max-snippet:-1, max-image-preview:large, max-video-preview:-1\" \/>\n<link rel=\"canonical\" href=\"https:\/\/www.heimatverein-sachsenhagen.de\/wordpress\/index.php\/auhagen\/\" \/>\n<meta property=\"og:locale\" content=\"de_DE\" \/>\n<meta property=\"og:type\" content=\"article\" \/>\n<meta property=\"og:title\" content=\"Auhagen - Heimatverein Sachsenhagen Auhagen\" \/>\n<meta property=\"og:description\" content=\"Wir arbeiten an dieser Seite, bitte haben Sie noch etwas Geduld\" \/>\n<meta property=\"og:url\" content=\"https:\/\/www.heimatverein-sachsenhagen.de\/wordpress\/index.php\/auhagen\/\" \/>\n<meta property=\"og:site_name\" content=\"Heimatverein Sachsenhagen Auhagen\" \/>\n<meta property=\"article:modified_time\" content=\"2020-05-07T08:07:20+00:00\" \/>\n<meta name=\"twitter:card\" content=\"summary_large_image\" \/>\n<script type=\"application\/ld+json\" class=\"yoast-schema-graph\">{\"@context\":\"https:\\\/\\\/schema.org\",\"@graph\":[{\"@type\":\"WebPage\",\"@id\":\"https:\\\/\\\/www.heimatverein-sachsenhagen.de\\\/wordpress\\\/index.php\\\/auhagen\\\/\",\"url\":\"https:\\\/\\\/www.heimatverein-sachsenhagen.de\\\/wordpress\\\/index.php\\\/auhagen\\\/\",\"name\":\"Auhagen - Heimatverein Sachsenhagen Auhagen\",\"isPartOf\":{\"@id\":\"https:\\\/\\\/www.heimatverein-sachsenhagen.de\\\/wordpress\\\/#website\"},\"datePublished\":\"2019-01-13T17:57:07+00:00\",\"dateModified\":\"2020-05-07T08:07:20+00:00\",\"breadcrumb\":{\"@id\":\"https:\\\/\\\/www.heimatverein-sachsenhagen.de\\\/wordpress\\\/index.php\\\/auhagen\\\/#breadcrumb\"},\"inLanguage\":\"de\",\"potentialAction\":[{\"@type\":\"ReadAction\",\"target\":[\"https:\\\/\\\/www.heimatverein-sachsenhagen.de\\\/wordpress\\\/index.php\\\/auhagen\\\/\"]}]},{\"@type\":\"BreadcrumbList\",\"@id\":\"https:\\\/\\\/www.heimatverein-sachsenhagen.de\\\/wordpress\\\/index.php\\\/auhagen\\\/#breadcrumb\",\"itemListElement\":[{\"@type\":\"ListItem\",\"position\":1,\"name\":\"Home\",\"item\":\"https:\\\/\\\/www.heimatverein-sachsenhagen.de\\\/wordpress\\\/\"},{\"@type\":\"ListItem\",\"position\":2,\"name\":\"Auhagen\"}]},{\"@type\":\"WebSite\",\"@id\":\"https:\\\/\\\/www.heimatverein-sachsenhagen.de\\\/wordpress\\\/#website\",\"url\":\"https:\\\/\\\/www.heimatverein-sachsenhagen.de\\\/wordpress\\\/\",\"name\":\"Heimatverein Sachsenhagen Auhagen\",\"description\":\"Heimat ist Leben\",\"publisher\":{\"@id\":\"https:\\\/\\\/www.heimatverein-sachsenhagen.de\\\/wordpress\\\/#organization\"},\"potentialAction\":[{\"@type\":\"SearchAction\",\"target\":{\"@type\":\"EntryPoint\",\"urlTemplate\":\"https:\\\/\\\/www.heimatverein-sachsenhagen.de\\\/wordpress\\\/?s={search_term_string}\"},\"query-input\":{\"@type\":\"PropertyValueSpecification\",\"valueRequired\":true,\"valueName\":\"search_term_string\"}}],\"inLanguage\":\"de\"},{\"@type\":\"Organization\",\"@id\":\"https:\\\/\\\/www.heimatverein-sachsenhagen.de\\\/wordpress\\\/#organization\",\"name\":\"Heimatverein Sachsenhagen Auhagen\",\"url\":\"https:\\\/\\\/www.heimatverein-sachsenhagen.de\\\/wordpress\\\/\",\"logo\":{\"@type\":\"ImageObject\",\"inLanguage\":\"de\",\"@id\":\"https:\\\/\\\/www.heimatverein-sachsenhagen.de\\\/wordpress\\\/#\\\/schema\\\/logo\\\/image\\\/\",\"url\":\"https:\\\/\\\/www.heimatverein-sachsenhagen.de\\\/wordpress\\\/wp-content\\\/uploads\\\/2020\\\/05\\\/cropped-Logo-neu-Mai-2020.jpg\",\"contentUrl\":\"https:\\\/\\\/www.heimatverein-sachsenhagen.de\\\/wordpress\\\/wp-content\\\/uploads\\\/2020\\\/05\\\/cropped-Logo-neu-Mai-2020.jpg\",\"width\":1280,\"height\":363,\"caption\":\"Heimatverein Sachsenhagen Auhagen\"},\"image\":{\"@id\":\"https:\\\/\\\/www.heimatverein-sachsenhagen.de\\\/wordpress\\\/#\\\/schema\\\/logo\\\/image\\\/\"}}]}<\/script>\n<!-- \/ Yoast SEO plugin. -->","yoast_head_json":{"title":"Auhagen - Heimatverein Sachsenhagen Auhagen","robots":{"index":"index","follow":"follow","max-snippet":"max-snippet:-1","max-image-preview":"max-image-preview:large","max-video-preview":"max-video-preview:-1"},"canonical":"https:\/\/www.heimatverein-sachsenhagen.de\/wordpress\/index.php\/auhagen\/","og_locale":"de_DE","og_type":"article","og_title":"Auhagen - Heimatverein Sachsenhagen Auhagen","og_description":"Wir arbeiten an dieser Seite, bitte haben Sie noch etwas Geduld","og_url":"https:\/\/www.heimatverein-sachsenhagen.de\/wordpress\/index.php\/auhagen\/","og_site_name":"Heimatverein Sachsenhagen Auhagen","article_modified_time":"2020-05-07T08:07:20+00:00","twitter_card":"summary_large_image","schema":{"@context":"https:\/\/schema.org","@graph":[{"@type":"WebPage","@id":"https:\/\/www.heimatverein-sachsenhagen.de\/wordpress\/index.php\/auhagen\/","url":"https:\/\/www.heimatverein-sachsenhagen.de\/wordpress\/index.php\/auhagen\/","name":"Auhagen - Heimatverein Sachsenhagen Auhagen","isPartOf":{"@id":"https:\/\/www.heimatverein-sachsenhagen.de\/wordpress\/#website"},"datePublished":"2019-01-13T17:57:07+00:00","dateModified":"2020-05-07T08:07:20+00:00","breadcrumb":{"@id":"https:\/\/www.heimatverein-sachsenhagen.de\/wordpress\/index.php\/auhagen\/#breadcrumb"},"inLanguage":"de","potentialAction":[{"@type":"ReadAction","target":["https:\/\/www.heimatverein-sachsenhagen.de\/wordpress\/index.php\/auhagen\/"]}]},{"@type":"BreadcrumbList","@id":"https:\/\/www.heimatverein-sachsenhagen.de\/wordpress\/index.php\/auhagen\/#breadcrumb","itemListElement":[{"@type":"ListItem","position":1,"name":"Home","item":"https:\/\/www.heimatverein-sachsenhagen.de\/wordpress\/"},{"@type":"ListItem","position":2,"name":"Auhagen"}]},{"@type":"WebSite","@id":"https:\/\/www.heimatverein-sachsenhagen.de\/wordpress\/#website","url":"https:\/\/www.heimatverein-sachsenhagen.de\/wordpress\/","name":"Heimatverein Sachsenhagen Auhagen","description":"Heimat ist Leben","publisher":{"@id":"https:\/\/www.heimatverein-sachsenhagen.de\/wordpress\/#organization"},"potentialAction":[{"@type":"SearchAction","target":{"@type":"EntryPoint","urlTemplate":"https:\/\/www.heimatverein-sachsenhagen.de\/wordpress\/?s={search_term_string}"},"query-input":{"@type":"PropertyValueSpecification","valueRequired":true,"valueName":"search_term_string"}}],"inLanguage":"de"},{"@type":"Organization","@id":"https:\/\/www.heimatverein-sachsenhagen.de\/wordpress\/#organization","name":"Heimatverein Sachsenhagen Auhagen","url":"https:\/\/www.heimatverein-sachsenhagen.de\/wordpress\/","logo":{"@type":"ImageObject","inLanguage":"de","@id":"https:\/\/www.heimatverein-sachsenhagen.de\/wordpress\/#\/schema\/logo\/image\/","url":"https:\/\/www.heimatverein-sachsenhagen.de\/wordpress\/wp-content\/uploads\/2020\/05\/cropped-Logo-neu-Mai-2020.jpg","contentUrl":"https:\/\/www.heimatverein-sachsenhagen.de\/wordpress\/wp-content\/uploads\/2020\/05\/cropped-Logo-neu-Mai-2020.jpg","width":1280,"height":363,"caption":"Heimatverein Sachsenhagen Auhagen"},"image":{"@id":"https:\/\/www.heimatverein-sachsenhagen.de\/wordpress\/#\/schema\/logo\/image\/"}}]}},"jetpack_sharing_enabled":true,"jetpack-related-posts":[{"id":32,"url":"https:\/\/www.heimatverein-sachsenhagen.de\/wordpress\/index.php\/postkarten\/","url_meta":{"origin":102,"position":0},"title":"Postkarten","author":"theo","date":"2019-01-13","format":false,"excerpt":"Postkarten der Gemeinden Sachsenhagen und Auhagen. Wir zeigen Ihnen hier eine Auswahl von Poskarten die bereits digitalisiert sind. Bitte haben Sie noch etwas Geduld bis alle Karten eingescannt sind die wir in den letzten Jahren sammeln konnten.","rel":"","context":"\u00c4hnlicher Beitrag","block_context":{"text":"\u00c4hnlicher Beitrag","link":""},"img":{"alt_text":"","src":"https:\/\/i0.wp.com\/www.heimatverein-sachsenhagen.de\/wordpress\/wp-content\/uploads\/2020\/04\/01P-1024x657.jpg?resize=350%2C200&ssl=1","width":350,"height":200,"srcset":"https:\/\/i0.wp.com\/www.heimatverein-sachsenhagen.de\/wordpress\/wp-content\/uploads\/2020\/04\/01P-1024x657.jpg?resize=350%2C200&ssl=1 1x, https:\/\/i0.wp.com\/www.heimatverein-sachsenhagen.de\/wordpress\/wp-content\/uploads\/2020\/04\/01P-1024x657.jpg?resize=525%2C300&ssl=1 1.5x, https:\/\/i0.wp.com\/www.heimatverein-sachsenhagen.de\/wordpress\/wp-content\/uploads\/2020\/04\/01P-1024x657.jpg?resize=700%2C400&ssl=1 2x"},"classes":[]},{"id":29,"url":"https:\/\/www.heimatverein-sachsenhagen.de\/wordpress\/index.php\/stadtansichten\/","url_meta":{"origin":102,"position":1},"title":"Stadtansichten","author":"theo","date":"2019-01-13","format":false,"excerpt":"In den letzten Jahren wurden vom Heimatverein kontinuierlich Bilder gesammelt, die wir Ihnen im Folgenden zeigen. Die Bilder sind nach Sta\u00dfennamen geordnet. Wer hat noch alte Fotos oder Ansichtskarten von Sachsenhagen oder Auhagen? Jeder, der historische Fotos von Sachsenhagen hat, kann dabei mithelfen die Darstellung auf dieser Seite zu vervollst\u00e4ndigen.\u2026","rel":"","context":"\u00c4hnlicher Beitrag","block_context":{"text":"\u00c4hnlicher Beitrag","link":""},"img":{"alt_text":"D\u00fch13 150 1910SchubertMenschingKanalhauverwaltung","src":"https:\/\/i0.wp.com\/www.heimatverein-sachsenhagen.de\/wordpress\/wp-content\/uploads\/2020\/04\/D%C3%BCh13-150-1910SchubertMenschingKanalhauverwaltung--150x150.jpg?resize=350%2C200&ssl=1","width":350,"height":200},"classes":[]},{"id":67,"url":"https:\/\/www.heimatverein-sachsenhagen.de\/wordpress\/index.php\/literatur\/","url_meta":{"origin":102,"position":2},"title":"Literatur","author":"theo","date":"2019-01-13","format":false,"excerpt":"Literatur des Heimatverein Sachsenhagen-Auhagen Der Heimatverein hat in seinem Archiv eine umfangreiche Sammlung zur Literatur \u00fcber den Landkreis, der Samtgemeinde und der Gemeinden Sachsenhagen und Auhagen. Wir haben Ihnen eine kleine Auswahl zum Herunterladen zusammengestellt. Der Umfang wird laufend erg\u00e4nzt. Falls auch Sie alte Unterlagen, Urkunden und B\u00fccher heimatkundlichen oder\u2026","rel":"","context":"\u00c4hnlicher Beitrag","block_context":{"text":"\u00c4hnlicher Beitrag","link":""},"img":{"alt_text":"","src":"","width":0,"height":0},"classes":[]},{"id":1646,"url":"https:\/\/www.heimatverein-sachsenhagen.de\/wordpress\/index.php\/verein-konfirmation-hochzeiten-firma\/","url_meta":{"origin":102,"position":3},"title":"Gruppen","author":"theo","date":"2020-05-22","format":false,"excerpt":"Die Fotosammlung des Heimatvereins Mit der Verbreitung der Fotografie ab Mitte des 19. Jahrhunderts wurden auch in Sachsenhagen und Auhagen immer wieder Bilder von Profi- sowie Hobbyfotografen auf Zelluloid bzw. Glasplatte gebannt. So sind im Laufe der Jahre einmalige Zeitzeugnisse entstanden. Die \u00e4ltesten Bilder stammen aus der Zeit um 1850.\u2026","rel":"","context":"\u00c4hnlicher Beitrag","block_context":{"text":"\u00c4hnlicher Beitrag","link":""},"img":{"alt_text":"","src":"https:\/\/i0.wp.com\/www.heimatverein-sachsenhagen.de\/wordpress\/wp-content\/uploads\/2020\/05\/Gruppen-Eingangsbild-294x300.jpg?resize=350%2C200&ssl=1","width":350,"height":200},"classes":[]},{"id":69,"url":"https:\/\/www.heimatverein-sachsenhagen.de\/wordpress\/index.php\/karten-2\/","url_meta":{"origin":102,"position":4},"title":"Karten","author":"theo","date":"2019-01-14","format":false,"excerpt":"Historische Landkarten und Pl\u00e4ne von Sachsenhagen und Auhagen. Historische Karten sind oftmals schwierig zu beziehen und sind h\u00e4ufig nur in Bibliotheken einsehbar oder in Antiquariaten erh\u00e4ltlich. Deshalb zeigen wir ihnen Karten oder Ausz\u00fcge f\u00fcr die Gemeinden Sachsenhagen und Auhagen. Die Karten sind interessant, weil sie Ortsnamen, Stra\u00dfenz\u00fcge und Dinge aus\u2026","rel":"","context":"\u00c4hnlicher Beitrag","block_context":{"text":"\u00c4hnlicher Beitrag","link":""},"img":{"alt_text":"","src":"https:\/\/i0.wp.com\/www.heimatverein-sachsenhagen.de\/wordpress\/wp-content\/uploads\/2020\/04\/160315-%C3%84mter-Schaumburg-1600-k-1064x1536.jpg?resize=350%2C200&ssl=1","width":350,"height":200,"srcset":"https:\/\/i0.wp.com\/www.heimatverein-sachsenhagen.de\/wordpress\/wp-content\/uploads\/2020\/04\/160315-%C3%84mter-Schaumburg-1600-k-1064x1536.jpg?resize=350%2C200&ssl=1 1x, https:\/\/i0.wp.com\/www.heimatverein-sachsenhagen.de\/wordpress\/wp-content\/uploads\/2020\/04\/160315-%C3%84mter-Schaumburg-1600-k-1064x1536.jpg?resize=525%2C300&ssl=1 1.5x, https:\/\/i0.wp.com\/www.heimatverein-sachsenhagen.de\/wordpress\/wp-content\/uploads\/2020\/04\/160315-%C3%84mter-Schaumburg-1600-k-1064x1536.jpg?resize=700%2C400&ssl=1 2x, https:\/\/i0.wp.com\/www.heimatverein-sachsenhagen.de\/wordpress\/wp-content\/uploads\/2020\/04\/160315-%C3%84mter-Schaumburg-1600-k-1064x1536.jpg?resize=1050%2C600&ssl=1 3x"},"classes":[]},{"id":70,"url":"https:\/\/www.heimatverein-sachsenhagen.de\/wordpress\/index.php\/datenschutzerklaerung\/","url_meta":{"origin":102,"position":5},"title":"Datenschutzerkl\u00e4rung","author":"theo","date":"2019-01-13","format":false,"excerpt":"Datenschutz Vorbemerkung Wir freuen uns sehr \u00fcber Ihr Interesse an unserem Heimatverein. Datenschutz hat einen besonders hohen Stellenwert f\u00fcr den Vorstand des Heimatvereins Sachsenhagen-Auhagen e. V. Eine Nutzung der Internetseiten des Heimatvereins Sachsenhagen-Auhagen e. V. ist grunds\u00e4tzlich ohne jede Angabe personenbezogener Daten m\u00f6glich. Sofern eine betroffene Person besondere Services unseres\u2026","rel":"","context":"\u00c4hnlicher Beitrag","block_context":{"text":"\u00c4hnlicher Beitrag","link":""},"img":{"alt_text":"","src":"","width":0,"height":0},"classes":[]}],"_links":{"self":[{"href":"https:\/\/www.heimatverein-sachsenhagen.de\/wordpress\/index.php\/wp-json\/wp\/v2\/pages\/102","targetHints":{"allow":["GET"]}}],"collection":[{"href":"https:\/\/www.heimatverein-sachsenhagen.de\/wordpress\/index.php\/wp-json\/wp\/v2\/pages"}],"about":[{"href":"https:\/\/www.heimatverein-sachsenhagen.de\/wordpress\/index.php\/wp-json\/wp\/v2\/types\/page"}],"author":[{"embeddable":true,"href":"https:\/\/www.heimatverein-sachsenhagen.de\/wordpress\/index.php\/wp-json\/wp\/v2\/users\/1"}],"replies":[{"embeddable":true,"href":"https:\/\/www.heimatverein-sachsenhagen.de\/wordpress\/index.php\/wp-json\/wp\/v2\/comments?post=102"}],"version-history":[{"count":4,"href":"https:\/\/www.heimatverein-sachsenhagen.de\/wordpress\/index.php\/wp-json\/wp\/v2\/pages\/102\/revisions"}],"predecessor-version":[{"id":1434,"href":"https:\/\/www.heimatverein-sachsenhagen.de\/wordpress\/index.php\/wp-json\/wp\/v2\/pages\/102\/revisions\/1434"}],"wp:attachment":[{"href":"https:\/\/www.heimatverein-sachsenhagen.de\/wordpress\/index.php\/wp-json\/wp\/v2\/media?parent=102"}],"curies":[{"name":"wp","href":"https:\/\/api.w.org\/{rel}","templated":true}]}}